{"id":8,"date":"2017-05-21T16:56:36","date_gmt":"2017-05-21T19:56:36","guid":{"rendered":"http:\/\/www-teste.pluton.com.br\/?page_id=8"},"modified":"2017-05-21T16:56:36","modified_gmt":"2017-05-21T19:56:36","slug":"direcionais","status":"publish","type":"page","link":"https:\/\/pluton.com.br\/?page_id=8","title":{"rendered":"Produtos"},"content":{"rendered":"<h4 style=\"text-align: justify;\"><span style=\"font-size: 12pt;\"><strong>Nossos produtos s\u00e3o produzidos e testados com a melhor tecnologia dispon\u00edvel. Sempre pensamos em reduzir impactos ambientais durante todo o processo.<\/strong><\/span><\/h4>\n<h4 style=\"text-align: justify;\"><span style=\"font-size: 12pt;\"><strong>Possu\u00edmos em nossa ind\u00fastria no Brasil todos os equipamentos necess\u00e1rios para aferi\u00e7\u00e3o dos produtos que s\u00e3o enviados para nossos clientes.<\/strong><\/span><\/h4>\n<h4 style=\"text-align: justify;\"><span style=\"font-size: 12pt;\"><strong>Podemos enviar os produtos com laudo de testes se solicitado.<\/strong><\/span><\/h4>\n<p style=\"text-align: justify;\"><span style=\"font-size: 12pt;\"><strong>Tamb\u00e9m temos antenas calibradas em diversas frequ\u00eancias para testes de compara\u00e7\u00e3o com nossos produtos.<\/strong><\/span><\/p>\n<p style=\"text-align: justify;\"><span style=\"font-size: 12pt;\"><strong>Realizamos servi\u00e7os de Pesquisa e Desenvolvimento para terceiros quando solicitado.<\/strong><\/span><\/p>\n<p>&nbsp;<\/p>\n<p><img loading=\"lazy\" decoding=\"async\" class=\"alignnone size-full wp-image-810\" src=\"http:\/\/www-teste.pluton.com.br\/wp-content\/uploads\/2017\/05\/IMG01079.jpg\" alt=\"\" width=\"1024\" height=\"768\" \/> <img loading=\"lazy\" decoding=\"async\" class=\"alignnone size-full wp-image-807\" src=\"http:\/\/www-teste.pluton.com.br\/wp-content\/uploads\/2017\/05\/IMG01074.jpg\" alt=\"\" width=\"1024\" height=\"768\" \/><\/p>\n<p><img loading=\"lazy\" decoding=\"async\" class=\"alignnone wp-image-727\" src=\"http:\/\/www-teste.pluton.com.br\/wp-content\/uploads\/2017\/05\/IMG_0937.jpg\" alt=\"\" width=\"316\" height=\"236\" \/><\/p>\n<p><img loading=\"lazy\" decoding=\"async\" class=\"alignnone wp-image-723\" src=\"http:\/\/www-teste.pluton.com.br\/wp-content\/uploads\/2017\/05\/IMG_0847.jpg\" alt=\"\" width=\"388\" height=\"290\" \/>\u00a0 <img loading=\"lazy\" decoding=\"async\" class=\"alignnone wp-image-718\" src=\"http:\/\/www-teste.pluton.com.br\/wp-content\/uploads\/2017\/05\/IMG_0679.jpg\" alt=\"\" width=\"390\" height=\"291\" \/> <img loading=\"lazy\" decoding=\"async\" class=\"alignnone wp-image-717\" src=\"http:\/\/www-teste.pluton.com.br\/wp-content\/uploads\/2017\/05\/IMG_0619.jpg\" alt=\"\" width=\"382\" height=\"285\" \/> <img loading=\"lazy\" decoding=\"async\" class=\"alignnone wp-image-715\" src=\"http:\/\/www-teste.pluton.com.br\/wp-content\/uploads\/2017\/05\/IMG_0505.jpg\" alt=\"\" width=\"392\" height=\"293\" \/> <img loading=\"lazy\" decoding=\"async\" class=\"alignnone wp-image-714\" src=\"http:\/\/www-teste.pluton.com.br\/wp-content\/uploads\/2017\/05\/IMG_0504.jpg\" alt=\"\" width=\"404\" height=\"302\" \/> <img loading=\"lazy\" decoding=\"async\" class=\"alignnone wp-image-709\" src=\"http:\/\/www-teste.pluton.com.br\/wp-content\/uploads\/2017\/05\/IMG_0232.jpg\" alt=\"\" width=\"416\" height=\"311\" \/> <img loading=\"lazy\" decoding=\"async\" class=\"alignnone wp-image-712\" src=\"http:\/\/www-teste.pluton.com.br\/wp-content\/uploads\/2017\/05\/IMG_0431.jpg\" alt=\"\" width=\"418\" height=\"278\" \/><\/p>\n<p>Processamos lotes grandes para manuten\u00e7\u00e3o da qualidade dimensional<\/p>\n<p><img loading=\"lazy\" decoding=\"async\" class=\"alignnone size-full wp-image-1248\" src=\"http:\/\/www-teste.pluton.com.br\/wp-content\/uploads\/2017\/05\/IMG-20161031-WA0011.jpg\" alt=\"\" width=\"1280\" height=\"701\" \/><\/p>\n<p><img loading=\"lazy\" decoding=\"async\" class=\"alignnone size-full wp-image-1268\" src=\"http:\/\/www-teste.pluton.com.br\/wp-content\/uploads\/2017\/05\/IMG-20170310-WA0032.jpg\" alt=\"\" width=\"1280\" height=\"960\" \/><\/p>\n<p>&nbsp;<\/p>\n<p><iframe loading=\"lazy\" src=\"https:\/\/www.youtube.com\/embed\/nolGotCZS_I\" width=\"560\" height=\"315\" frameborder=\"0\" allowfullscreen=\"allowfullscreen\"><\/iframe><\/p>\n<p>&nbsp;<\/p>\n<p><img loading=\"lazy\" decoding=\"async\" class=\"alignnone size-full wp-image-1249\" src=\"http:\/\/www-teste.pluton.com.br\/wp-content\/uploads\/2017\/05\/IMG-20161202-WA0004.jpg\" alt=\"\" width=\"1238\" height=\"900\" \/><\/p>\n<p>&nbsp;<\/p>\n<p>Al\u00e9m da funcionalidade, cuidamos para que a embalagem seja a melhor poss\u00edvel.<\/p>\n<p><img loading=\"lazy\" decoding=\"async\" class=\"alignnone size-full wp-image-1243\" src=\"http:\/\/www-teste.pluton.com.br\/wp-content\/uploads\/2017\/05\/IMG-20161202-WA0002.jpg\" alt=\"\" width=\"960\" height=\"1280\" \/><\/p>\n<p>Utilizamos madeira de reciclagem rastreada Pinus para minimizar o impacto ambiental.<\/p>\n<p><img loading=\"lazy\" decoding=\"async\" class=\"alignnone size-full wp-image-1244\" src=\"http:\/\/www-teste.pluton.com.br\/wp-content\/uploads\/2017\/05\/IMG-20161202-WA0000.jpg\" alt=\"\" width=\"1280\" height=\"960\" \/><\/p>\n<p>Aproveitamento da carga no caminh\u00e3o para minimizar a emiss\u00e3o de CO2 na atmosfera.<\/p>\n<p><img loading=\"lazy\" decoding=\"async\" class=\"alignnone size-full wp-image-1245\" src=\"http:\/\/www-teste.pluton.com.br\/wp-content\/uploads\/2017\/05\/IMG-20161210-WA0003.jpg\" alt=\"\" width=\"1280\" height=\"960\" \/><\/p>\n<p>&nbsp;<\/p>\n<p>&nbsp;<\/p>\n","protected":false},"excerpt":{"rendered":"<p>Nossos produtos s\u00e3o produzidos e testados com a melhor tecnologia dispon\u00edvel. Sempre pensamos em reduzir impactos ambientais durante todo o processo. Possu\u00edmos em nossa ind\u00fastria no Brasil todos os equipamentos necess\u00e1rios para aferi\u00e7\u00e3o dos produtos que s\u00e3o enviados para nossos clientes. Podemos enviar os produtos com laudo de testes se solicitado. Tamb\u00e9m temos antenas calibradas [&hellip;]<\/p>\n","protected":false},"author":1,"featured_media":0,"parent":0,"menu_order":0,"comment_status":"closed","ping_status":"closed","template":"","meta":{"footnotes":""},"class_list":["post-8","page","type-page","status-publish","hentry"],"_links":{"self":[{"href":"https:\/\/pluton.com.br\/index.php?rest_route=\/wp\/v2\/pages\/8","targetHints":{"allow":["GET"]}}],"collection":[{"href":"https:\/\/pluton.com.br\/index.php?rest_route=\/wp\/v2\/pages"}],"about":[{"href":"https:\/\/pluton.com.br\/index.php?rest_route=\/wp\/v2\/types\/page"}],"author":[{"embeddable":true,"href":"https:\/\/pluton.com.br\/index.php?rest_route=\/wp\/v2\/users\/1"}],"replies":[{"embeddable":true,"href":"https:\/\/pluton.com.br\/index.php?rest_route=%2Fwp%2Fv2%2Fcomments&post=8"}],"version-history":[{"count":0,"href":"https:\/\/pluton.com.br\/index.php?rest_route=\/wp\/v2\/pages\/8\/revisions"}],"wp:attachment":[{"href":"https:\/\/pluton.com.br\/index.php?rest_route=%2Fwp%2Fv2%2Fmedia&parent=8"}],"curies":[{"name":"wp","href":"https:\/\/api.w.org\/{rel}","templated":true}]}}