{"id":5195,"date":"2020-11-06T17:52:55","date_gmt":"2020-11-06T17:52:55","guid":{"rendered":"http:\/\/pluton.com.br\/?page_id=5195"},"modified":"2020-11-06T18:01:49","modified_gmt":"2020-11-06T18:01:49","slug":"lora","status":"publish","type":"page","link":"https:\/\/pluton.com.br\/?page_id=5195","title":{"rendered":"LORA"},"content":{"rendered":"\n<p>Antena na frequ\u00eancia de 900MHz Omnidirecional quatro prot\u00f3tipos especialmente desenvolvidos para Gateway Lora 915MHZ.<\/p>\n\n\n\n<p>A antena \u00e9 do tipo Planar Microstrip idealizada por dois pesquisadores EstadoUnidenses em 2003.<\/p>\n\n\n\n<p>Foi simulada no HFSS e constru\u00edda com sucesso para a frequ\u00eancia de 915MHz a 930MHz. Abaixo apresentamos a medida de perda de retorno VSWR abaixo de 1.34:1<\/p>\n\n\n\n<p>O quatro primeiros prot\u00f3tipos constru\u00eddos foram encapsulados em tubo de padr\u00e3o pvc de 75mm e preenchidos com espuma PU. Fizemos um suporte na base inferior para fixa\u00e7\u00e3o em tubo de 2&#8243;.<\/p>\n\n\n\n<p><\/p>\n\n\n\n<div class=\"wp-block-image\"><figure class=\"aligncenter size-large is-resized\"><img loading=\"lazy\" decoding=\"async\" src=\"http:\/\/pluton.com.br\/wp-content\/uploads\/2020\/11\/im2-1.png\" alt=\"\" class=\"wp-image-5197\" width=\"580\" height=\"496\" srcset=\"https:\/\/pluton.com.br\/wp-content\/uploads\/2020\/11\/im2-1.png 692w, https:\/\/pluton.com.br\/wp-content\/uploads\/2020\/11\/im2-1-300x257.png 300w\" sizes=\"auto, (max-width: 580px) 100vw, 580px\" \/><figcaption>Diagrama de Irradia\u00e7\u00e3o 3D Antena Lora 900Mhz<\/figcaption><\/figure><\/div>\n\n\n\n<figure class=\"wp-block-image size-large\"><img loading=\"lazy\" decoding=\"async\" width=\"757\" height=\"671\" src=\"http:\/\/pluton.com.br\/wp-content\/uploads\/2020\/11\/VSWR.jpg\" alt=\"\" class=\"wp-image-5210\" srcset=\"https:\/\/pluton.com.br\/wp-content\/uploads\/2020\/11\/VSWR.jpg 757w, https:\/\/pluton.com.br\/wp-content\/uploads\/2020\/11\/VSWR-300x266.jpg 300w\" sizes=\"auto, (max-width: 757px) 100vw, 757px\" \/><figcaption>Perda por Retorno Simulador Ansys HFSS<\/figcaption><\/figure>\n\n\n\n<div class=\"wp-block-image\"><figure class=\"aligncenter size-large\"><img loading=\"lazy\" decoding=\"async\" width=\"386\" height=\"285\" src=\"http:\/\/pluton.com.br\/wp-content\/uploads\/2020\/11\/im2-3.png\" alt=\"\" class=\"wp-image-5201\" srcset=\"https:\/\/pluton.com.br\/wp-content\/uploads\/2020\/11\/im2-3.png 386w, https:\/\/pluton.com.br\/wp-content\/uploads\/2020\/11\/im2-3-300x222.png 300w\" sizes=\"auto, (max-width: 386px) 100vw, 386px\" \/><figcaption>Medida Real VSWR Antena Lora 915-930MHz &lt; 1.34:1<\/figcaption><\/figure><\/div>\n\n\n\n<p>Os requisitos do cliente para a constru\u00e7\u00e3o dos prot\u00f3tipos foram atendidos e a antena ficou com  seguintes caracter\u00edsticas:<\/p>\n\n\n\n<p>Ganho 8.7dBi @915MHz<\/p>\n\n\n\n<p>Uso Externo<\/p>\n\n\n\n<p>Peso: 2kg<\/p>\n\n\n\n<p>Dimens\u00f5es: 75mm x 1200mm<\/p>\n\n\n\n<p>Conector N f\u00eamea.<\/p>\n\n\n\n<p>Omnidirecional Polariza\u00e7\u00e3o Vertical<\/p>\n\n\n\n<p>Fixa\u00e7\u00e3o: Mastro de 2&#8243;<\/p>\n\n\n\n<p>VSWR &lt; 1.35:1<\/p>\n\n\n\n<p>Seguem algumas imagens:<\/p>\n\n\n\n<figure class=\"wp-block-image size-large\"><img loading=\"lazy\" decoding=\"async\" width=\"852\" height=\"390\" src=\"http:\/\/pluton.com.br\/wp-content\/uploads\/2020\/11\/im1-1.png\" alt=\"\" class=\"wp-image-5204\" srcset=\"https:\/\/pluton.com.br\/wp-content\/uploads\/2020\/11\/im1-1.png 852w, https:\/\/pluton.com.br\/wp-content\/uploads\/2020\/11\/im1-1-300x137.png 300w, https:\/\/pluton.com.br\/wp-content\/uploads\/2020\/11\/im1-1-768x352.png 768w\" sizes=\"auto, (max-width: 852px) 100vw, 852px\" \/><\/figure>\n\n\n\n<figure class=\"wp-block-image size-large\"><img loading=\"lazy\" decoding=\"async\" width=\"576\" height=\"1024\" src=\"http:\/\/pluton.com.br\/wp-content\/uploads\/2020\/11\/WhatsApp-Image-2020-07-21-at-09.31.06-576x1024.jpeg\" alt=\"\" class=\"wp-image-5205\" srcset=\"https:\/\/pluton.com.br\/wp-content\/uploads\/2020\/11\/WhatsApp-Image-2020-07-21-at-09.31.06-576x1024.jpeg 576w, https:\/\/pluton.com.br\/wp-content\/uploads\/2020\/11\/WhatsApp-Image-2020-07-21-at-09.31.06-169x300.jpeg 169w, https:\/\/pluton.com.br\/wp-content\/uploads\/2020\/11\/WhatsApp-Image-2020-07-21-at-09.31.06.jpeg 581w\" sizes=\"auto, (max-width: 576px) 100vw, 576px\" \/><\/figure>\n\n\n\n<figure class=\"wp-block-image size-large\"><img loading=\"lazy\" decoding=\"async\" width=\"576\" height=\"1024\" src=\"http:\/\/pluton.com.br\/wp-content\/uploads\/2020\/11\/WhatsApp-Image-2020-07-21-at-10.40.00-576x1024.jpeg\" alt=\"\" class=\"wp-image-5208\" srcset=\"https:\/\/pluton.com.br\/wp-content\/uploads\/2020\/11\/WhatsApp-Image-2020-07-21-at-10.40.00-576x1024.jpeg 576w, https:\/\/pluton.com.br\/wp-content\/uploads\/2020\/11\/WhatsApp-Image-2020-07-21-at-10.40.00-169x300.jpeg 169w, https:\/\/pluton.com.br\/wp-content\/uploads\/2020\/11\/WhatsApp-Image-2020-07-21-at-10.40.00.jpeg 581w\" sizes=\"auto, (max-width: 576px) 100vw, 576px\" \/><\/figure>\n\n\n\n<div class=\"wp-block-image\"><figure class=\"aligncenter size-large\"><img loading=\"lazy\" decoding=\"async\" width=\"57\" height=\"573\" src=\"http:\/\/pluton.com.br\/wp-content\/uploads\/2020\/11\/WhatsApp-Image-2020-07-08-at-17.06.41-Copy.jpeg\" alt=\"\" class=\"wp-image-5209\"\/><figcaption>Imagem do Elemento Irradiante<\/figcaption><\/figure><\/div>\n\n\n\n<p>Caso precise de unidades similares basta entrar em contato que poderemos atend\u00ea-lo. Whatsapp 19 997297763<\/p>\n\n\n\n<p>Tamb\u00e9m realizamos estudos sem compromisso para nossos clientes de antenas helicoidais para LORA que est\u00e3o sendo comercializadas no mercado com ganho alegado de 4dBi. Ao ser simulada apresentou um decepcionante ganho  de -5.6dBi.  Portanto essas antenas n\u00e3o apresentam ganho e al\u00e9m disso diminuem o sinal.<\/p>\n\n\n\n<p> <\/p>\n\n\n\n<figure class=\"wp-block-image size-large\"><img loading=\"lazy\" decoding=\"async\" width=\"479\" height=\"480\" src=\"http:\/\/pluton.com.br\/wp-content\/uploads\/2020\/11\/Antena-Helicoidal.jpg\" alt=\"\" class=\"wp-image-5211\" srcset=\"https:\/\/pluton.com.br\/wp-content\/uploads\/2020\/11\/Antena-Helicoidal.jpg 479w, https:\/\/pluton.com.br\/wp-content\/uploads\/2020\/11\/Antena-Helicoidal-300x300.jpg 300w, https:\/\/pluton.com.br\/wp-content\/uploads\/2020\/11\/Antena-Helicoidal-150x150.jpg 150w\" sizes=\"auto, (max-width: 479px) 100vw, 479px\" \/><figcaption>Diagrama de Irradia\u00e7\u00e3o da Antena Helicoidal Lora 900MHz<\/figcaption><\/figure>\n\n\n\n<figure class=\"wp-block-image size-large\"><img loading=\"lazy\" decoding=\"async\" width=\"615\" height=\"480\" src=\"http:\/\/pluton.com.br\/wp-content\/uploads\/2020\/11\/ganho-antena-helicoidal.jpg\" alt=\"\" class=\"wp-image-5212\" srcset=\"https:\/\/pluton.com.br\/wp-content\/uploads\/2020\/11\/ganho-antena-helicoidal.jpg 615w, https:\/\/pluton.com.br\/wp-content\/uploads\/2020\/11\/ganho-antena-helicoidal-300x234.jpg 300w\" sizes=\"auto, (max-width: 615px) 100vw, 615px\" \/><figcaption>Ganho de -5.9dBi da Antena Helicoidal 900MHz <\/figcaption><\/figure>\n","protected":false},"excerpt":{"rendered":"<p>Antena na frequ\u00eancia de 900MHz Omnidirecional quatro prot\u00f3tipos especialmente desenvolvidos para Gateway Lora 915MHZ. A antena \u00e9 do tipo Planar Microstrip idealizada por dois pesquisadores EstadoUnidenses em 2003. Foi simulada no HFSS e constru\u00edda com sucesso para a frequ\u00eancia de 915MHz a 930MHz. Abaixo apresentamos a medida de perda de retorno VSWR abaixo de 1.34:1 [&hellip;]<\/p>\n","protected":false},"author":1,"featured_media":0,"parent":122,"menu_order":0,"comment_status":"closed","ping_status":"closed","template":"","meta":{"footnotes":""},"class_list":["post-5195","page","type-page","status-publish","hentry"],"_links":{"self":[{"href":"https:\/\/pluton.com.br\/index.php?rest_route=\/wp\/v2\/pages\/5195","targetHints":{"allow":["GET"]}}],"collection":[{"href":"https:\/\/pluton.com.br\/index.php?rest_route=\/wp\/v2\/pages"}],"about":[{"href":"https:\/\/pluton.com.br\/index.php?rest_route=\/wp\/v2\/types\/page"}],"author":[{"embeddable":true,"href":"https:\/\/pluton.com.br\/index.php?rest_route=\/wp\/v2\/users\/1"}],"replies":[{"embeddable":true,"href":"https:\/\/pluton.com.br\/index.php?rest_route=%2Fwp%2Fv2%2Fcomments&post=5195"}],"version-history":[{"count":6,"href":"https:\/\/pluton.com.br\/index.php?rest_route=\/wp\/v2\/pages\/5195\/revisions"}],"predecessor-version":[{"id":5215,"href":"https:\/\/pluton.com.br\/index.php?rest_route=\/wp\/v2\/pages\/5195\/revisions\/5215"}],"up":[{"embeddable":true,"href":"https:\/\/pluton.com.br\/index.php?rest_route=\/wp\/v2\/pages\/122"}],"wp:attachment":[{"href":"https:\/\/pluton.com.br\/index.php?rest_route=%2Fwp%2Fv2%2Fmedia&parent=5195"}],"curies":[{"name":"wp","href":"https:\/\/api.w.org\/{rel}","templated":true}]}}