{"id":2114,"date":"2017-07-30T22:15:25","date_gmt":"2017-07-31T01:15:25","guid":{"rendered":"http:\/\/www.pluton.com.br\/?page_id=2114"},"modified":"2017-07-30T22:15:25","modified_gmt":"2017-07-31T01:15:25","slug":"acoplamento-pluton-2","status":"publish","type":"page","link":"https:\/\/pluton.com.br\/?page_id=2114","title":{"rendered":"Acoplamento Pluton"},"content":{"rendered":"<p>Acoplamentos para Antenas<\/p>\n<figure id=\"attachment_1093\" aria-describedby=\"caption-attachment-1093\" style=\"width: 455px\" class=\"wp-caption aligncenter\"><img loading=\"lazy\" decoding=\"async\" class=\"wp-image-1093\" src=\"http:\/\/www-teste.pluton.com.br\/wp-content\/uploads\/2017\/05\/im1-13.jpg\" alt=\"\" width=\"455\" height=\"256\" \/><figcaption id=\"caption-attachment-1093\" class=\"wp-caption-text\">Adaptador da OMT Pluton para encaixe na antena Andrew 8GHz<\/figcaption><\/figure>\n<p>Temos dispon\u00edvel para nossas antenas os acoplamentos diretos para a maioria<\/p>\n<p>dos r\u00e1dios mais utilizados no mercado.<\/p>\n<p>Em casos especiais fazemos o acoplamento sob medida para atend\u00ea-lo da melhor<\/p>\n<p>forma.<\/p>\n<p>Como possuimos m\u00e1quinas especiais, a produ\u00e7\u00e3o \u00e9 r\u00e1pida pois pouco dependemos<\/p>\n<p>de terceiros para permitir uma entrega r\u00e1pida.<\/p>\n<p>Os acoplamentos Pluton s\u00e3o exclusivos para as Antenas Pluton mas\u00a0 tamb\u00e9m temos em nossa<\/p>\n<p>linha de produtos adaptadores de nossos acoplamentos para antenas de outros fabricantes.<img loading=\"lazy\" decoding=\"async\" class=\"wp-image-1087 alignleft\" src=\"http:\/\/www-teste.pluton.com.br\/wp-content\/uploads\/2017\/05\/im1-10.jpg\" alt=\"\" width=\"183\" height=\"183\" \/><\/p>\n<p>&nbsp;<\/p>\n<figure id=\"attachment_1089\" aria-describedby=\"caption-attachment-1089\" style=\"width: 301px\" class=\"wp-caption alignnone\"><img loading=\"lazy\" decoding=\"async\" class=\"wp-image-1089\" src=\"http:\/\/www-teste.pluton.com.br\/wp-content\/uploads\/2017\/05\/im2-10.jpg\" alt=\"\" width=\"301\" height=\"301\" \/><figcaption id=\"caption-attachment-1089\" class=\"wp-caption-text\">Adaptador na Antena VHLP1-23-2WH<\/figcaption><\/figure>\n<p><img loading=\"lazy\" decoding=\"async\" class=\"alignnone size-full wp-image-1130\" src=\"http:\/\/www-teste.pluton.com.br\/wp-content\/uploads\/2017\/05\/waveguides_all.jpg\" alt=\"\" width=\"436\" height=\"194\" \/><\/p>\n<p>&nbsp;<\/p>\n<p><a href=\"http:\/\/www-teste.pluton.com.br\/wp-content\/uploads\/2017\/05\/FmiCat07108119.pdf\">Cat\u00e1logo Geral de Flanges<\/a><\/p>\n<p>&nbsp;<\/p>\n<p>&nbsp;<\/p>\n","protected":false},"excerpt":{"rendered":"<p>Acoplamentos para Antenas Temos dispon\u00edvel para nossas antenas os acoplamentos diretos para a maioria dos r\u00e1dios mais utilizados no mercado. Em casos especiais fazemos o acoplamento sob medida para atend\u00ea-lo da melhor forma. Como possuimos m\u00e1quinas especiais, a produ\u00e7\u00e3o \u00e9 r\u00e1pida pois pouco dependemos de terceiros para permitir uma entrega r\u00e1pida. Os acoplamentos Pluton s\u00e3o [&hellip;]<\/p>\n","protected":false},"author":1,"featured_media":0,"parent":116,"menu_order":5,"comment_status":"closed","ping_status":"closed","template":"","meta":{"footnotes":""},"class_list":["post-2114","page","type-page","status-publish","hentry"],"_links":{"self":[{"href":"https:\/\/pluton.com.br\/index.php?rest_route=\/wp\/v2\/pages\/2114","targetHints":{"allow":["GET"]}}],"collection":[{"href":"https:\/\/pluton.com.br\/index.php?rest_route=\/wp\/v2\/pages"}],"about":[{"href":"https:\/\/pluton.com.br\/index.php?rest_route=\/wp\/v2\/types\/page"}],"author":[{"embeddable":true,"href":"https:\/\/pluton.com.br\/index.php?rest_route=\/wp\/v2\/users\/1"}],"replies":[{"embeddable":true,"href":"https:\/\/pluton.com.br\/index.php?rest_route=%2Fwp%2Fv2%2Fcomments&post=2114"}],"version-history":[{"count":0,"href":"https:\/\/pluton.com.br\/index.php?rest_route=\/wp\/v2\/pages\/2114\/revisions"}],"up":[{"embeddable":true,"href":"https:\/\/pluton.com.br\/index.php?rest_route=\/wp\/v2\/pages\/116"}],"wp:attachment":[{"href":"https:\/\/pluton.com.br\/index.php?rest_route=%2Fwp%2Fv2%2Fmedia&parent=2114"}],"curies":[{"name":"wp","href":"https:\/\/api.w.org\/{rel}","templated":true}]}}