{"id":1833,"date":"2017-06-21T16:09:04","date_gmt":"2017-06-21T19:09:04","guid":{"rendered":"http:\/\/www.pluton.com.br\/?page_id=1833"},"modified":"2017-06-21T16:09:04","modified_gmt":"2017-06-21T19:09:04","slug":"omt","status":"publish","type":"page","link":"https:\/\/pluton.com.br\/?page_id=1833","title":{"rendered":"OMT padr\u00e3o REMEC"},"content":{"rendered":"<p><span style=\"color: #000000;\">OMT\u00a0 &#8211; Pluton<br \/>\n<\/span><\/p>\n<p><span style=\"color: #000000;\">A Flange \u00e9 padr\u00e3o da OMT\u00a0 com precis\u00e3o para um encaixe perfeito. Podemos fornecer com quaisquer outros padr\u00f5es de flange inclusive com encaixe direto de ODU sem a necessidade de utiliza\u00e7\u00e3o de guias de onda entre a ODU e a OMT<br \/>\n<\/span><\/p>\n<p><span style=\"color: #000000;\">Todos os modelos das nossas OMT seguem o mesmo design, bastando somente substituir o acoplador para obter o padr\u00e3o de flange necess\u00e1rio.<br \/>\n<\/span><\/p>\n<p>&nbsp;<\/p>\n<table style=\"width: 655px;\">\n<tbody>\n<tr>\n<td style=\"width: 261.483px;\"><img loading=\"lazy\" decoding=\"async\" class=\"alignnone  wp-image-1834\" src=\"http:\/\/www.pluton.com.br\/wp-content\/uploads\/2017\/06\/im2-2.jpg\" alt=\"\" width=\"243\" height=\"137\" \/><\/td>\n<td style=\"width: 359.517px;\"><span style=\"color: #000000;\"><img loading=\"lazy\" decoding=\"async\" class=\"alignnone  wp-image-1835\" src=\"http:\/\/www.pluton.com.br\/wp-content\/uploads\/2017\/06\/im1-1.jpg\" alt=\"\" width=\"236\" height=\"133\" \/><\/span><\/td>\n<\/tr>\n<\/tbody>\n<\/table>\n<p><span style=\"font-size: 14pt; color: #000000;\"><strong>Especifica\u00e7\u00f5es Gerais:<\/strong><\/span><\/p>\n<table style=\"border-color: #050101; background-color: #f5e7da; width: 492.067px;\">\n<tbody>\n<tr>\n<td style=\"width: 49px; text-align: center;\"><span style=\"font-size: 8pt;\">Freq<\/span><\/p>\n<p><span style=\"font-size: 8pt; color: #000000;\">GHz<\/span><\/td>\n<td style=\"width: 161px; text-align: center;\"><span style=\"font-size: 8pt; color: #000000;\">Part Number<br \/>\n<\/span>&nbsp;<\/td>\n<td style=\"width: 86px; text-align: center;\"><span style=\"font-size: 8pt; color: #000000;\">Faixa<\/span><\/td>\n<td style=\"width: 7px; text-align: center;\"><span style=\"font-size: 8pt; color: #000000;\">XPD min<\/span><\/td>\n<td style=\"width: 7px; text-align: center;\"><span style=\"font-size: 8pt; color: #000000;\">Perda Max dB<\/span><\/td>\n<td style=\"width: 7px; text-align: center;\"><span style=\"font-size: 8pt; color: #000000;\">VSWR <\/span><\/p>\n<p><span style=\"font-size: 8pt; color: #000000;\">Max<\/span><\/td>\n<td style=\"width: 7px; text-align: center;\"><span style=\"font-size: 8pt; color: #000000;\">Diametro<\/span><\/p>\n<p><span style=\"font-size: 8pt; color: #000000;\">Iluminador<\/span><\/td>\n<td style=\"width: 16.0667px; text-align: center;\"><span style=\"font-size: 8pt; color: #000000;\">Flange<\/span><\/td>\n<\/tr>\n<tr>\n<td style=\"width: 49px; text-align: center;\"><span style=\"font-size: 8pt; color: #000000;\">6<\/span><\/td>\n<td style=\"width: 161px;\"><span style=\"font-size: 8pt; color: #000000;\">P65-A-D-C11-00<\/span><\/td>\n<td style=\"width: 86px; text-align: center;\">\n<div><span style=\"font-size: 8pt; color: #000000;\">5.9 a <\/span><span style=\"font-size: 8pt; color: #000000;\">7.1<\/span><\/div>\n<\/td>\n<td style=\"width: 7px; text-align: center;\"><span style=\"font-size: 8pt; color: #000000;\">35<\/span><\/td>\n<td style=\"width: 7px; text-align: center;\"><span style=\"font-size: 8pt; color: #000000;\">0.2<\/span><\/td>\n<td style=\"width: 7px; text-align: center;\"><span style=\"font-size: 8pt; color: #000000;\">1.14<\/span><\/td>\n<td style=\"width: 7px; text-align: center;\"><span style=\"font-size: 8pt; color: #000000;\">32.54<\/span><\/td>\n<td style=\"width: 16.0667px; text-align: center;\"><span style=\"font-size: 8pt; color: #000000;\">UDR70<\/span><\/td>\n<\/tr>\n<tr>\n<td style=\"width: 49px; text-align: center;\"><span style=\"font-size: 8pt; color: #000000;\">8<\/span><\/td>\n<td style=\"width: 161px;\"><span style=\"font-size: 8pt; color: #000000;\">P08-A-D-C11-00<\/span><\/td>\n<td style=\"width: 86px; text-align: center;\">\n<div><span style=\"font-size: 8pt; color: #000000;\">7.1 a <\/span><span style=\"font-size: 8pt; color: #000000;\">8.5<\/span><\/div>\n<\/td>\n<td style=\"width: 7px; text-align: center;\"><span style=\"font-size: 8pt; color: #000000;\">35<\/span><\/td>\n<td style=\"width: 7px; text-align: center;\"><span style=\"font-size: 8pt; color: #000000;\">0.2<\/span><\/td>\n<td style=\"width: 7px; text-align: center;\"><span style=\"font-size: 8pt; color: #000000;\">1.14<\/span><\/td>\n<td style=\"width: 7px; text-align: center;\"><span style=\"font-size: 8pt; color: #000000;\">26.8<\/span><\/td>\n<td style=\"width: 16.0667px; text-align: center;\"><span style=\"font-size: 8pt; color: #000000;\">UBR84<\/span><\/td>\n<\/tr>\n<tr>\n<td style=\"width: 49px; text-align: center;\"><span style=\"font-size: 8pt; color: #000000;\">11<\/span><\/td>\n<td style=\"width: 161px;\"><span style=\"font-size: 8pt; color: #000000;\">P11-A-D-C11-00<\/span><\/td>\n<td style=\"width: 86px; text-align: center;\">\n<div><span style=\"font-size: 8pt; color: #000000;\">10.6 a <\/span><span style=\"font-size: 8pt; color: #000000;\">11.8<\/span><\/div>\n<\/td>\n<td style=\"width: 7px; text-align: center;\"><span style=\"font-size: 8pt; color: #000000;\">35<\/span><\/td>\n<td style=\"width: 7px; text-align: center;\"><span style=\"font-size: 8pt; color: #000000;\">0.2<\/span><\/td>\n<td style=\"width: 7px; text-align: center;\"><span style=\"font-size: 8pt; color: #000000;\">1.14<\/span><\/td>\n<td style=\"width: 7px; text-align: center;\"><span style=\"font-size: 8pt; color: #000000;\">18.3<\/span><\/td>\n<td style=\"width: 16.0667px; text-align: center;\"><span style=\"font-size: 8pt; color: #000000;\">UBR120<\/span><\/td>\n<\/tr>\n<tr>\n<td style=\"width: 49px; text-align: center;\"><span style=\"font-size: 8pt; color: #000000;\">15<\/span><\/td>\n<td style=\"width: 161px;\"><span style=\"font-size: 8pt; color: #000000;\">P15-A-D-C11-00<\/span><\/td>\n<td style=\"width: 86px; text-align: center;\">\n<div><span style=\"font-size: 8pt; color: #000000;\">14.2 a <\/span><span style=\"font-size: 8pt; color: #000000;\">15.3<\/span><\/div>\n<\/td>\n<td style=\"width: 7px; text-align: center;\"><span style=\"font-size: 8pt; color: #000000;\">35<\/span><\/td>\n<td style=\"width: 7px; text-align: center;\"><span style=\"font-size: 8pt; color: #000000;\">0.2<\/span><\/td>\n<td style=\"width: 7px; text-align: center;\"><span style=\"font-size: 8pt; color: #000000;\">1.14<\/span><\/td>\n<td style=\"width: 7px; text-align: center;\"><span style=\"font-size: 8pt; color: #000000;\">13.8<\/span><\/td>\n<td style=\"width: 16.0667px; text-align: center;\"><span style=\"font-size: 8pt; color: #000000;\">UBR140<\/span><\/td>\n<\/tr>\n<tr>\n<td style=\"width: 49px; text-align: center;\"><span style=\"font-size: 8pt; color: #000000;\">18<\/span><\/td>\n<td style=\"width: 161px;\"><span style=\"font-size: 8pt; color: #000000;\">P18-A-D-C11-00<\/span><\/td>\n<td style=\"width: 86px; text-align: center;\">\n<div><span style=\"font-size: 8pt; color: #000000;\">17.7 a <\/span><span style=\"font-size: 8pt; color: #000000;\">19.7<\/span><\/div>\n<\/td>\n<td style=\"width: 7px; text-align: center;\"><span style=\"font-size: 8pt; color: #000000;\">35<\/span><\/td>\n<td style=\"width: 7px; text-align: center;\"><span style=\"font-size: 8pt; color: #000000;\">0.2<\/span><\/td>\n<td style=\"width: 7px; text-align: center;\"><span style=\"font-size: 8pt; color: #000000;\">1.14<\/span><\/td>\n<td style=\"width: 7px; text-align: center;\"><span style=\"font-size: 8pt; color: #000000;\">11.13<\/span><\/td>\n<td style=\"width: 16.0667px; text-align: center;\"><span style=\"font-size: 8pt; color: #000000;\">UBR220<\/span><\/td>\n<\/tr>\n<\/tbody>\n<\/table>\n<p>&nbsp;<\/p>\n<p><span style=\"font-size: 14pt;\"><strong><span style=\"font-size: 8pt; color: #000000;\">C<\/span><span style=\"color: #000000;\">onfigura\u00e7\u00e3o<\/span><\/strong><\/span><\/p>\n<table style=\"border-color: #050101; background-color: #f5e7da; width: 517.067px;\">\n<tbody>\n<tr>\n<td style=\"width: 112px;\"><span style=\"color: #000000;\">Tamanho da Guia<\/span><\/td>\n<td style=\"width: 101.067px;\"><span style=\"color: #000000;\">WR-137 \/ WG14<\/span><\/td>\n<\/tr>\n<tr>\n<td style=\"width: 112px;\"><span style=\"color: #000000;\">Flange<\/span><\/td>\n<td style=\"width: 101.067px;\"><span style=\"color: #000000;\">UDR70<\/span><\/td>\n<\/tr>\n<tr>\n<td style=\"width: 112px;\"><span style=\"color: #000000;\">Conector<\/span><\/td>\n<td style=\"width: 101.067px;\"><span style=\"color: #000000;\">N F\u00eamea<\/span><\/td>\n<\/tr>\n<tr>\n<td style=\"width: 112px;\"><span style=\"color: #000000;\">Imped\u00e2ncia<\/span><\/td>\n<td style=\"width: 101.067px;\"><span style=\"color: #000000;\">50 Ohms<\/span><\/td>\n<\/tr>\n<tr>\n<td style=\"width: 112px;\"><span style=\"color: #000000;\">Geometria<\/span><\/td>\n<td style=\"width: 101.067px;\"><span style=\"color: #000000;\">Normal<\/span><\/td>\n<\/tr>\n<\/tbody>\n<\/table>\n<p>&nbsp;<\/p>\n<p><span style=\"font-size: 14pt;\"><strong><span style=\"color: #000000;\">Especifica\u00e7\u00f5es Mec\u00e2nicas<\/span><\/strong><\/span><\/p>\n<p><strong><span style=\"color: #000000;\">Tamanho<\/span><\/strong><\/p>\n<table style=\"width: 526.267px; border-color: #050101; background-color: #f5e7da;\">\n<tbody>\n<tr>\n<td style=\"width: 281px;\"><span style=\"color: #000000;\">Comprimento<\/span><\/td>\n<td style=\"width: 212.267px;\"><span style=\"color: #000000;\">173mm<\/span><\/td>\n<\/tr>\n<tr>\n<td style=\"width: 281px;\"><span style=\"color: #000000;\">Largura<\/span><\/td>\n<td style=\"width: 212.267px;\"><span style=\"color: #000000;\">80mm<\/span><\/td>\n<\/tr>\n<tr>\n<td style=\"width: 281px;\"><span style=\"color: #000000;\">Altura<\/span><\/td>\n<td style=\"width: 212.267px;\"><span style=\"color: #000000;\">133mm<\/span><\/td>\n<\/tr>\n<tr>\n<td style=\"width: 281px;\"><span style=\"color: #000000;\">Peso<\/span><\/td>\n<td style=\"width: 212.267px;\"><span style=\"color: #000000;\">1.3kg<\/span><\/td>\n<\/tr>\n<\/tbody>\n<\/table>\n<p><img loading=\"lazy\" decoding=\"async\" class=\"alignnone size-full wp-image-1836\" src=\"http:\/\/www.pluton.com.br\/wp-content\/uploads\/2017\/06\/mecanico.png\" alt=\"\" width=\"644\" height=\"306\" \/><\/p>\n<p>&nbsp;<\/p>\n<p><strong><span style=\"color: #000000;\">Padr\u00e3o de Acabamento<br \/>\n<\/span><\/strong><\/p>\n<table style=\"width: 528.683px; border-color: #050101; background-color: #f5e7da;\">\n<tbody>\n<tr>\n<td style=\"width: 284px;\"><span style=\"color: #000000;\">Padr\u00e3o da Guia<\/span><\/td>\n<td style=\"width: 211.683px;\"><span style=\"color: #000000;\">Remec (Comba)<\/span><\/td>\n<\/tr>\n<tr>\n<td style=\"width: 284px;\"><span style=\"color: #000000;\">Padr\u00e3o da Flange<\/span><\/td>\n<td style=\"width: 211.683px;\"><span style=\"color: #000000;\">selecionar pelo PartNumber<\/span><\/td>\n<\/tr>\n<tr>\n<td style=\"width: 284px;\"><span style=\"color: #000000;\">Material do Corpo<br \/>\n<\/span><\/td>\n<td style=\"width: 211.683px;\"><span style=\"color: #000000;\">Alum\u00ednio Liga 1020<br \/>\n<\/span><\/td>\n<\/tr>\n<tr>\n<td style=\"width: 284px;\"><span style=\"color: #000000;\">Acabamento Externo<\/span><\/td>\n<td style=\"width: 211.683px;\"><span style=\"color: #000000;\">Anodizado Colorido<\/span><\/td>\n<\/tr>\n<tr>\n<td style=\"width: 284px;\"><span style=\"color: #000000;\">Acabamento Interno<\/span><\/td>\n<td style=\"width: 211.683px;\"><span style=\"color: #000000;\">Polido<br \/>\n<\/span><\/td>\n<\/tr>\n<\/tbody>\n<\/table>\n<p><span style=\"font-size: 14pt;\"><strong><span style=\"color: #000000;\">Especifica\u00e7\u00f5es Ambientais<\/span><\/strong><\/span><\/p>\n<table style=\"width: 531.267px; border-color: #050101; background-color: #f5e7da;\">\n<tbody>\n<tr>\n<td style=\"width: 284px;\"><span style=\"color: #000000;\">Faixa de Temperatura<\/span><\/td>\n<td style=\"width: 214.267px;\"><span style=\"color: #000000;\">-55C at\u00e9 120C<\/span><\/td>\n<\/tr>\n<\/tbody>\n<\/table>\n<p><span style=\"color: #000000; font-size: 14pt;\"><strong>Padr\u00f5es de Flanges Dispon\u00edveis:<\/strong><\/span><\/p>\n<p><img loading=\"lazy\" decoding=\"async\" class=\"alignnone size-full wp-image-1793\" src=\"http:\/\/www.pluton.com.br\/wp-content\/uploads\/2017\/06\/flanges-1.png\" alt=\"\" width=\"1600\" height=\"1280\" \/><\/p>\n<p>&nbsp;<\/p>\n<p>&nbsp;<\/p>\n<p><strong>[print_link]<\/strong><\/p>\n","protected":false},"excerpt":{"rendered":"<p>OMT\u00a0 &#8211; Pluton A Flange \u00e9 padr\u00e3o da OMT\u00a0 com precis\u00e3o para um encaixe perfeito. Podemos fornecer com quaisquer outros padr\u00f5es de flange inclusive com encaixe direto de ODU sem a necessidade de utiliza\u00e7\u00e3o de guias de onda entre a ODU e a OMT Todos os modelos das nossas OMT seguem o mesmo design, bastando [&hellip;]<\/p>\n","protected":false},"author":1,"featured_media":0,"parent":167,"menu_order":100,"comment_status":"closed","ping_status":"closed","template":"","meta":{"footnotes":""},"class_list":["post-1833","page","type-page","status-publish","hentry"],"_links":{"self":[{"href":"https:\/\/pluton.com.br\/index.php?rest_route=\/wp\/v2\/pages\/1833","targetHints":{"allow":["GET"]}}],"collection":[{"href":"https:\/\/pluton.com.br\/index.php?rest_route=\/wp\/v2\/pages"}],"about":[{"href":"https:\/\/pluton.com.br\/index.php?rest_route=\/wp\/v2\/types\/page"}],"author":[{"embeddable":true,"href":"https:\/\/pluton.com.br\/index.php?rest_route=\/wp\/v2\/users\/1"}],"replies":[{"embeddable":true,"href":"https:\/\/pluton.com.br\/index.php?rest_route=%2Fwp%2Fv2%2Fcomments&post=1833"}],"version-history":[{"count":0,"href":"https:\/\/pluton.com.br\/index.php?rest_route=\/wp\/v2\/pages\/1833\/revisions"}],"up":[{"embeddable":true,"href":"https:\/\/pluton.com.br\/index.php?rest_route=\/wp\/v2\/pages\/167"}],"wp:attachment":[{"href":"https:\/\/pluton.com.br\/index.php?rest_route=%2Fwp%2Fv2%2Fmedia&parent=1833"}],"curies":[{"name":"wp","href":"https:\/\/api.w.org\/{rel}","templated":true}]}}