{"id":17,"date":"2017-05-21T17:02:37","date_gmt":"2017-05-21T20:02:37","guid":{"rendered":"http:\/\/www-teste.pluton.com.br\/?page_id=17"},"modified":"2021-04-24T15:11:14","modified_gmt":"2021-04-24T15:11:14","slug":"tecnologia","status":"publish","type":"page","link":"https:\/\/pluton.com.br\/","title":{"rendered":"Servi\u00e7os"},"content":{"rendered":"<h3 style=\"text-align: center;\"><\/h3>\n<h4>Simula\u00e7\u00f5es e Desenvolvimento de Antenas e Produtos Eletr\u00f4nicos.<\/h4>\n<hr \/>\n","protected":false},"excerpt":{"rendered":"<p>Simula\u00e7\u00f5es e Desenvolvimento de Antenas e Produtos Eletr\u00f4nicos.<\/p>\n","protected":false},"author":1,"featured_media":0,"parent":23,"menu_order":0,"comment_status":"closed","ping_status":"closed","template":"","meta":{"footnotes":""},"class_list":["post-17","page","type-page","status-publish","hentry"],"_links":{"self":[{"href":"https:\/\/pluton.com.br\/index.php?rest_route=\/wp\/v2\/pages\/17","targetHints":{"allow":["GET"]}}],"collection":[{"href":"https:\/\/pluton.com.br\/index.php?rest_route=\/wp\/v2\/pages"}],"about":[{"href":"https:\/\/pluton.com.br\/index.php?rest_route=\/wp\/v2\/types\/page"}],"author":[{"embeddable":true,"href":"https:\/\/pluton.com.br\/index.php?rest_route=\/wp\/v2\/users\/1"}],"replies":[{"embeddable":true,"href":"https:\/\/pluton.com.br\/index.php?rest_route=%2Fwp%2Fv2%2Fcomments&post=17"}],"version-history":[{"count":13,"href":"https:\/\/pluton.com.br\/index.php?rest_route=\/wp\/v2\/pages\/17\/revisions"}],"predecessor-version":[{"id":5224,"href":"https:\/\/pluton.com.br\/index.php?rest_route=\/wp\/v2\/pages\/17\/revisions\/5224"}],"up":[{"embeddable":true,"href":"https:\/\/pluton.com.br\/index.php?rest_route=\/wp\/v2\/pages\/23"}],"wp:attachment":[{"href":"https:\/\/pluton.com.br\/index.php?rest_route=%2Fwp%2Fv2%2Fmedia&parent=17"}],"curies":[{"name":"wp","href":"https:\/\/api.w.org\/{rel}","templated":true}]}}