{"id":167,"date":"2017-05-21T23:58:28","date_gmt":"2017-05-22T02:58:28","guid":{"rendered":"http:\/\/www-teste.pluton.com.br\/?page_id=167"},"modified":"2017-05-21T23:58:28","modified_gmt":"2017-05-22T02:58:28","slug":"omt","status":"publish","type":"page","link":"https:\/\/pluton.com.br\/?page_id=167","title":{"rendered":"OMT"},"content":{"rendered":"<p><strong>T<\/strong><b>ransdutor ortomodal<\/b> (<i>orthomode transducer<\/i>\u00a0 <b>OMT<\/b>) \u00e9 um comonente condutor de microondas, mais conhecido como um duplexador de polariza\u00e7\u00e3o. Os OMT servem tando para combinar quanto para separar sinais de microondas que est\u00e3o polarizados ortogonalmente. Um dos usos \u00e9 para transmitir sinais em uma guia de ondas circular\u00a0 dois sinais distintos. O dispositivo pode ser parte da antena ou estar dentro do pr\u00f3prio r\u00e1dio.<\/p>\n<p><img loading=\"lazy\" decoding=\"async\" class=\"thumbimage\" src=\"https:\/\/upload.wikimedia.org\/wikipedia\/commons\/thumb\/4\/44\/Orthogonal_Mode_Transduceur.jpg\/200px-Orthogonal_Mode_Transduceur.jpg\" alt=\"\" width=\"200\" height=\"150\" data-file-width=\"2816\" data-file-height=\"2112\" \/><img loading=\"lazy\" decoding=\"async\" class=\"thumbimage\" src=\"https:\/\/upload.wikimedia.org\/wikipedia\/commons\/thumb\/a\/a3\/OMT_02.jpg\/200px-OMT_02.jpg\" alt=\"\" width=\"200\" height=\"150\" data-file-width=\"2816\" data-file-height=\"2112\" \/><img loading=\"lazy\" decoding=\"async\" class=\"thumbimage\" src=\"https:\/\/upload.wikimedia.org\/wikipedia\/commons\/thumb\/c\/c1\/OMT_Polarisation_Circuleur_Feed-Horn.jpg\/200px-OMT_Polarisation_Circuleur_Feed-Horn.jpg\" alt=\"\" width=\"200\" height=\"150\" data-file-width=\"2816\" data-file-height=\"2112\" \/><\/p>\n<p>fonte:https:\/\/es.wikipedia.org\/wiki\/Transductor_ortomodal<\/p>\n","protected":false},"excerpt":{"rendered":"<p>Transdutor ortomodal (orthomode transducer\u00a0 OMT) \u00e9 um comonente condutor de microondas, mais conhecido como um duplexador de polariza\u00e7\u00e3o. Os OMT servem tando para combinar quanto para separar sinais de microondas que est\u00e3o polarizados ortogonalmente. Um dos usos \u00e9 para transmitir sinais em uma guia de ondas circular\u00a0 dois sinais distintos. O dispositivo pode ser parte [&hellip;]<\/p>\n","protected":false},"author":1,"featured_media":0,"parent":114,"menu_order":18,"comment_status":"closed","ping_status":"closed","template":"","meta":{"footnotes":""},"class_list":["post-167","page","type-page","status-publish","hentry"],"_links":{"self":[{"href":"https:\/\/pluton.com.br\/index.php?rest_route=\/wp\/v2\/pages\/167","targetHints":{"allow":["GET"]}}],"collection":[{"href":"https:\/\/pluton.com.br\/index.php?rest_route=\/wp\/v2\/pages"}],"about":[{"href":"https:\/\/pluton.com.br\/index.php?rest_route=\/wp\/v2\/types\/page"}],"author":[{"embeddable":true,"href":"https:\/\/pluton.com.br\/index.php?rest_route=\/wp\/v2\/users\/1"}],"replies":[{"embeddable":true,"href":"https:\/\/pluton.com.br\/index.php?rest_route=%2Fwp%2Fv2%2Fcomments&post=167"}],"version-history":[{"count":0,"href":"https:\/\/pluton.com.br\/index.php?rest_route=\/wp\/v2\/pages\/167\/revisions"}],"up":[{"embeddable":true,"href":"https:\/\/pluton.com.br\/index.php?rest_route=\/wp\/v2\/pages\/114"}],"wp:attachment":[{"href":"https:\/\/pluton.com.br\/index.php?rest_route=%2Fwp%2Fv2%2Fmedia&parent=167"}],"curies":[{"name":"wp","href":"https:\/\/api.w.org\/{rel}","templated":true}]}}