{"id":1477,"date":"2017-05-23T22:42:31","date_gmt":"2017-05-24T01:42:31","guid":{"rendered":"http:\/\/www.pluton.com.br\/?page_id=1477"},"modified":"2017-05-23T22:42:31","modified_gmt":"2017-05-24T01:42:31","slug":"ptx27-80cm","status":"publish","type":"page","link":"https:\/\/pluton.com.br\/?page_id=1477","title":{"rendered":"PTX27 &#8211; 80cm"},"content":{"rendered":"<p>Manual de Fixa\u00e7\u00e3o da Antena PTX27 &#8211; 80cm<\/p>\n<p>&nbsp;<\/p>\n<p><img loading=\"lazy\" decoding=\"async\" class=\"alignnone size-full wp-image-1226\" src=\"http:\/\/www.pluton.com.br\/wp-content\/uploads\/2017\/05\/100_2819.jpg\" alt=\"\" width=\"947\" height=\"768\" \/><\/p>\n<p>&nbsp;<\/p>\n<p><img loading=\"lazy\" decoding=\"async\" class=\"alignnone size-full wp-image-1478\" src=\"http:\/\/www.pluton.com.br\/wp-content\/uploads\/2017\/05\/IM1-6.jpg\" alt=\"\" width=\"1920\" height=\"1080\" \/><\/p>\n<p>&nbsp;<\/p>\n<p><img loading=\"lazy\" decoding=\"async\" class=\"alignnone size-full wp-image-1479\" src=\"http:\/\/www.pluton.com.br\/wp-content\/uploads\/2017\/05\/im2-24.jpg\" alt=\"\" width=\"2230\" height=\"1254\" \/><\/p>\n<p><img loading=\"lazy\" decoding=\"async\" class=\"alignnone size-full wp-image-1480\" src=\"http:\/\/www.pluton.com.br\/wp-content\/uploads\/2017\/05\/im3-16.jpg\" alt=\"\" width=\"2230\" height=\"1254\" \/><\/p>\n<p>&nbsp;<\/p>\n<p><img loading=\"lazy\" decoding=\"async\" class=\"alignnone size-full wp-image-1481\" src=\"http:\/\/www.pluton.com.br\/wp-content\/uploads\/2017\/05\/im4-10.jpg\" alt=\"\" width=\"2230\" height=\"1254\" \/><\/p>\n<p>&nbsp;<\/p>\n<p><img loading=\"lazy\" decoding=\"async\" class=\"alignnone size-full wp-image-1482\" src=\"http:\/\/www.pluton.com.br\/wp-content\/uploads\/2017\/05\/im5-10.jpg\" alt=\"\" width=\"2230\" height=\"1254\" \/><\/p>\n<p>&nbsp;<\/p>\n<p><img loading=\"lazy\" decoding=\"async\" class=\"alignnone size-full wp-image-1484\" src=\"http:\/\/www.pluton.com.br\/wp-content\/uploads\/2017\/05\/im2-25.jpg\" alt=\"\" width=\"2230\" height=\"1254\" \/><\/p>\n<p>&nbsp;<\/p>\n<p><img loading=\"lazy\" decoding=\"async\" class=\"alignnone size-full wp-image-1485\" src=\"http:\/\/www.pluton.com.br\/wp-content\/uploads\/2017\/05\/im3-17.jpg\" alt=\"\" width=\"2230\" height=\"1254\" \/><\/p>\n<p>&nbsp;<\/p>\n<p><img loading=\"lazy\" decoding=\"async\" class=\"alignnone size-full wp-image-1486\" src=\"http:\/\/www.pluton.com.br\/wp-content\/uploads\/2017\/05\/im1-32.jpg\" alt=\"\" width=\"2230\" height=\"1254\" \/><\/p>\n<p>&nbsp;<\/p>\n<p><a href=\"http:\/\/www.pluton.com.br\/wp-content\/uploads\/2017\/05\/Certificado-de-Homologa\u00e7\u00e3o-Requerimento-n\u00ba-0961_12.pdf\">Certificado de Homologa\u00e7\u00e3o PTX27\/PTX28\/PTX29<\/a><\/p>\n<p>&nbsp;<\/p>\n","protected":false},"excerpt":{"rendered":"<p>Manual de Fixa\u00e7\u00e3o da Antena PTX27 &#8211; 80cm &nbsp; &nbsp; &nbsp; &nbsp; &nbsp; &nbsp; &nbsp; &nbsp; &nbsp; Certificado de Homologa\u00e7\u00e3o PTX27\/PTX28\/PTX29 &nbsp;<\/p>\n","protected":false},"author":1,"featured_media":0,"parent":10,"menu_order":300,"comment_status":"closed","ping_status":"closed","template":"","meta":{"footnotes":""},"class_list":["post-1477","page","type-page","status-publish","hentry"],"_links":{"self":[{"href":"https:\/\/pluton.com.br\/index.php?rest_route=\/wp\/v2\/pages\/1477","targetHints":{"allow":["GET"]}}],"collection":[{"href":"https:\/\/pluton.com.br\/index.php?rest_route=\/wp\/v2\/pages"}],"about":[{"href":"https:\/\/pluton.com.br\/index.php?rest_route=\/wp\/v2\/types\/page"}],"author":[{"embeddable":true,"href":"https:\/\/pluton.com.br\/index.php?rest_route=\/wp\/v2\/users\/1"}],"replies":[{"embeddable":true,"href":"https:\/\/pluton.com.br\/index.php?rest_route=%2Fwp%2Fv2%2Fcomments&post=1477"}],"version-history":[{"count":0,"href":"https:\/\/pluton.com.br\/index.php?rest_route=\/wp\/v2\/pages\/1477\/revisions"}],"up":[{"embeddable":true,"href":"https:\/\/pluton.com.br\/index.php?rest_route=\/wp\/v2\/pages\/10"}],"wp:attachment":[{"href":"https:\/\/pluton.com.br\/index.php?rest_route=%2Fwp%2Fv2%2Fmedia&parent=1477"}],"curies":[{"name":"wp","href":"https:\/\/api.w.org\/{rel}","templated":true}]}}