{"id":1413,"date":"2017-05-23T21:12:36","date_gmt":"2017-05-24T00:12:36","guid":{"rendered":"http:\/\/www.pluton.com.br\/?page_id=1413"},"modified":"2017-05-23T21:12:36","modified_gmt":"2017-05-24T00:12:36","slug":"wg15-quadrado-x-retangulo","status":"publish","type":"page","link":"https:\/\/pluton.com.br\/?page_id=1413","title":{"rendered":"WG15 &#8211; Quadrado x Ret\u00e2ngulo"},"content":{"rendered":"<p>Adaptador WG15\/ WR137 para Guias de Onda 7.5-8.5GHz<\/p>\n<p>Dimens\u00f5es 50x50x64mm<\/p>\n<p>Peso:250g<\/p>\n<p>Material: Alum\u00ednio com acabamento Natural<\/p>\n<p>Fura\u00e7\u00e3o para parafuso 4mm sem roscas.<\/p>\n<p>A pe\u00e7a n\u00e3o tem canal para oring, por\u00e9m se solicitado pode ser feito.<\/p>\n<p><img loading=\"lazy\" decoding=\"async\" class=\"alignnone size-full wp-image-1659\" src=\"http:\/\/www.pluton.com.br\/wp-content\/uploads\/2017\/05\/100_2889.jpg\" alt=\"\" width=\"600\" height=\"617\" \/> <img loading=\"lazy\" decoding=\"async\" class=\"alignnone size-full wp-image-1660\" src=\"http:\/\/www.pluton.com.br\/wp-content\/uploads\/2017\/05\/100_2899.jpg\" alt=\"\" width=\"1024\" height=\"768\" \/> <img loading=\"lazy\" decoding=\"async\" class=\"alignnone size-full wp-image-1661\" src=\"http:\/\/www.pluton.com.br\/wp-content\/uploads\/2017\/05\/100_2900.jpg\" alt=\"\" width=\"1024\" height=\"768\" \/>Adaptador da guia WG15 da flange quadrada para a retangular.<img loading=\"lazy\" decoding=\"async\" class=\"alignnone size-full wp-image-1415\" src=\"http:\/\/www.pluton.com.br\/wp-content\/uploads\/2017\/05\/im2.jpg\" alt=\"\" width=\"2230\" height=\"1254\" \/><\/p>\n<p>&nbsp;<\/p>\n<p><img loading=\"lazy\" decoding=\"async\" class=\"alignnone size-full wp-image-1414\" src=\"http:\/\/www.pluton.com.br\/wp-content\/uploads\/2017\/05\/im1-1.jpg\" alt=\"\" width=\"2230\" height=\"1254\" \/><\/p>\n<p>&nbsp;<\/p>\n<p>&nbsp;<\/p>\n","protected":false},"excerpt":{"rendered":"<p>Adaptador WG15\/ WR137 para Guias de Onda 7.5-8.5GHz Dimens\u00f5es 50x50x64mm Peso:250g Material: Alum\u00ednio com acabamento Natural Fura\u00e7\u00e3o para parafuso 4mm sem roscas. A pe\u00e7a n\u00e3o tem canal para oring, por\u00e9m se solicitado pode ser feito. Adaptador da guia WG15 da flange quadrada para a retangular. &nbsp; &nbsp; &nbsp;<\/p>\n","protected":false},"author":1,"featured_media":0,"parent":183,"menu_order":0,"comment_status":"closed","ping_status":"closed","template":"","meta":{"footnotes":""},"class_list":["post-1413","page","type-page","status-publish","hentry"],"_links":{"self":[{"href":"https:\/\/pluton.com.br\/index.php?rest_route=\/wp\/v2\/pages\/1413","targetHints":{"allow":["GET"]}}],"collection":[{"href":"https:\/\/pluton.com.br\/index.php?rest_route=\/wp\/v2\/pages"}],"about":[{"href":"https:\/\/pluton.com.br\/index.php?rest_route=\/wp\/v2\/types\/page"}],"author":[{"embeddable":true,"href":"https:\/\/pluton.com.br\/index.php?rest_route=\/wp\/v2\/users\/1"}],"replies":[{"embeddable":true,"href":"https:\/\/pluton.com.br\/index.php?rest_route=%2Fwp%2Fv2%2Fcomments&post=1413"}],"version-history":[{"count":0,"href":"https:\/\/pluton.com.br\/index.php?rest_route=\/wp\/v2\/pages\/1413\/revisions"}],"up":[{"embeddable":true,"href":"https:\/\/pluton.com.br\/index.php?rest_route=\/wp\/v2\/pages\/183"}],"wp:attachment":[{"href":"https:\/\/pluton.com.br\/index.php?rest_route=%2Fwp%2Fv2%2Fmedia&parent=1413"}],"curies":[{"name":"wp","href":"https:\/\/api.w.org\/{rel}","templated":true}]}}