{"id":1197,"date":"2017-05-22T23:32:41","date_gmt":"2017-05-23T02:32:41","guid":{"rendered":"http:\/\/www-teste.pluton.com.br\/?page_id=1197"},"modified":"2017-05-22T23:32:41","modified_gmt":"2017-05-23T02:32:41","slug":"omt-pluton","status":"publish","type":"page","link":"https:\/\/pluton.com.br\/?page_id=1197","title":{"rendered":"OMT Pluton"},"content":{"rendered":"<p>OMT Pluton 6.5GHz com entradas para Adaptadores Diversos<\/p>\n<p>As pe\u00e7as de cor cinza podem ser trocadas para que seja poss\u00edvel conectar qualquer modelo de r\u00e1dio ou guia de ondas.<\/p>\n<p>Na imagem abaixo est\u00e1 ilustrada a montagem com r\u00e1dio Ceragon IP10.<\/p>\n<p>&nbsp;<\/p>\n<p><img loading=\"lazy\" decoding=\"async\" class=\"alignnone size-full wp-image-1198\" src=\"http:\/\/www-teste.pluton.com.br\/wp-content\/uploads\/2017\/05\/im16.jpg\" alt=\"\" width=\"2230\" height=\"1254\" \/><\/p>\n<p>&nbsp;<\/p>\n<p>Montagem da OMT com R\u00e1dios Siae<\/p>\n<p><img loading=\"lazy\" decoding=\"async\" class=\"alignnone size-full wp-image-1200\" src=\"http:\/\/www-teste.pluton.com.br\/wp-content\/uploads\/2017\/05\/im3-13.jpg\" alt=\"\" width=\"1920\" height=\"1080\" \/><\/p>\n<p>&nbsp;<\/p>\n<p>Montagem da OMT(dourado) com um Coupler (azul) em cada porta<\/p>\n<p><img loading=\"lazy\" decoding=\"async\" class=\"alignnone size-full wp-image-1202\" src=\"http:\/\/www-teste.pluton.com.br\/wp-content\/uploads\/2017\/05\/im3-15.jpg\" alt=\"\" width=\"1920\" height=\"1080\" \/><\/p>\n<p>&nbsp;<\/p>\n<p>&nbsp;<\/p>\n","protected":false},"excerpt":{"rendered":"<p>OMT Pluton 6.5GHz com entradas para Adaptadores Diversos As pe\u00e7as de cor cinza podem ser trocadas para que seja poss\u00edvel conectar qualquer modelo de r\u00e1dio ou guia de ondas. Na imagem abaixo est\u00e1 ilustrada a montagem com r\u00e1dio Ceragon IP10. &nbsp; &nbsp; Montagem da OMT com R\u00e1dios Siae &nbsp; Montagem da OMT(dourado) com um Coupler [&hellip;]<\/p>\n","protected":false},"author":1,"featured_media":0,"parent":187,"menu_order":10,"comment_status":"closed","ping_status":"closed","template":"","meta":{"footnotes":""},"class_list":["post-1197","page","type-page","status-publish","hentry"],"_links":{"self":[{"href":"https:\/\/pluton.com.br\/index.php?rest_route=\/wp\/v2\/pages\/1197","targetHints":{"allow":["GET"]}}],"collection":[{"href":"https:\/\/pluton.com.br\/index.php?rest_route=\/wp\/v2\/pages"}],"about":[{"href":"https:\/\/pluton.com.br\/index.php?rest_route=\/wp\/v2\/types\/page"}],"author":[{"embeddable":true,"href":"https:\/\/pluton.com.br\/index.php?rest_route=\/wp\/v2\/users\/1"}],"replies":[{"embeddable":true,"href":"https:\/\/pluton.com.br\/index.php?rest_route=%2Fwp%2Fv2%2Fcomments&post=1197"}],"version-history":[{"count":0,"href":"https:\/\/pluton.com.br\/index.php?rest_route=\/wp\/v2\/pages\/1197\/revisions"}],"up":[{"embeddable":true,"href":"https:\/\/pluton.com.br\/index.php?rest_route=\/wp\/v2\/pages\/187"}],"wp:attachment":[{"href":"https:\/\/pluton.com.br\/index.php?rest_route=%2Fwp%2Fv2%2Fmedia&parent=1197"}],"curies":[{"name":"wp","href":"https:\/\/api.w.org\/{rel}","templated":true}]}}