{"id":1110,"date":"2017-05-22T21:56:03","date_gmt":"2017-05-23T00:56:03","guid":{"rendered":"http:\/\/www-teste.pluton.com.br\/?page_id=1110"},"modified":"2020-11-03T12:14:37","modified_gmt":"2020-11-03T12:14:37","slug":"lentes","status":"publish","type":"page","link":"https:\/\/pluton.com.br\/?page_id=1110","title":{"rendered":"Lentes"},"content":{"rendered":"<p>Ainda restam algumas unidades para fabrica\u00e7\u00e3o com descontos para finaliza\u00e7\u00e3o total do estoque, produto descontinuado.\u00a0 Consulte 19-997297763.<\/p>\n<p>Caracter\u00edsticas T\u00e9cnicas<br \/>\nTotalmente Compat\u00edvel com r\u00e1dio Canopy da Motorola<br \/>\nAumenta o ganho do r\u00e1dio em 10dB<br \/>\nConstru\u00edda com pol\u00edmeros pl\u00e1sticos com prote\u00e7\u00e3o UV<br \/>\nPeso: 2kg<\/p>\n","protected":false},"excerpt":{"rendered":"<p>Ainda restam algumas unidades para fabrica\u00e7\u00e3o com descontos para finaliza\u00e7\u00e3o total do estoque, produto descontinuado.\u00a0 Consulte 19-997297763. Caracter\u00edsticas T\u00e9cnicas Totalmente Compat\u00edvel com r\u00e1dio Canopy da Motorola Aumenta o ganho do r\u00e1dio em 10dB Constru\u00edda com pol\u00edmeros pl\u00e1sticos com prote\u00e7\u00e3o UV Peso: 2kg<\/p>\n","protected":false},"author":1,"featured_media":0,"parent":34,"menu_order":0,"comment_status":"closed","ping_status":"closed","template":"","meta":{"footnotes":""},"class_list":["post-1110","page","type-page","status-publish","hentry"],"_links":{"self":[{"href":"https:\/\/pluton.com.br\/index.php?rest_route=\/wp\/v2\/pages\/1110","targetHints":{"allow":["GET"]}}],"collection":[{"href":"https:\/\/pluton.com.br\/index.php?rest_route=\/wp\/v2\/pages"}],"about":[{"href":"https:\/\/pluton.com.br\/index.php?rest_route=\/wp\/v2\/types\/page"}],"author":[{"embeddable":true,"href":"https:\/\/pluton.com.br\/index.php?rest_route=\/wp\/v2\/users\/1"}],"replies":[{"embeddable":true,"href":"https:\/\/pluton.com.br\/index.php?rest_route=%2Fwp%2Fv2%2Fcomments&post=1110"}],"version-history":[{"count":1,"href":"https:\/\/pluton.com.br\/index.php?rest_route=\/wp\/v2\/pages\/1110\/revisions"}],"predecessor-version":[{"id":5154,"href":"https:\/\/pluton.com.br\/index.php?rest_route=\/wp\/v2\/pages\/1110\/revisions\/5154"}],"up":[{"embeddable":true,"href":"https:\/\/pluton.com.br\/index.php?rest_route=\/wp\/v2\/pages\/34"}],"wp:attachment":[{"href":"https:\/\/pluton.com.br\/index.php?rest_route=%2Fwp%2Fv2%2Fmedia&parent=1110"}],"curies":[{"name":"wp","href":"https:\/\/api.w.org\/{rel}","templated":true}]}}