{"id":23,"date":"2017-05-21T17:06:43","date_gmt":"2017-05-21T20:06:43","guid":{"rendered":"http:\/\/www-teste.pluton.com.br\/?page_id=23"},"modified":"2022-04-18T19:50:11","modified_gmt":"2022-04-18T19:50:11","slug":"empresa","status":"publish","type":"page","link":"http:\/\/pluton.com.br\/?page_id=23","title":{"rendered":"Empresa"},"content":{"rendered":"<div class=\"article\">\n<h4>Antenas Pluton, empresa Brasileira fundada em 1993.<\/h4>\n<h4>Todos os produtos fabricados pela Antenas Pluton s\u00e3o desenvolvidos utilizando ferramentas de simula\u00e7\u00e3o eletromagn\u00e9tica HFSS da Ansoft e CAD. Realizamos testes em C\u00e2maras Anec\u00f3icas e Campo Aberto quando necess\u00e1rio. Possuimos equipamentos pr\u00f3prios para realiza\u00e7\u00e3o de desenvolvimento e contr\u00f4le de qualidade dos produtos. Antenas Pluton tamb\u00e9m tem know-how avan\u00e7ado em antenas e equipamentos com\u00a0 tecnologia eletr\u00f4nica RFID em 13.56Mhz e 915Mhz, microprocessadores ARM da STM. Faz firmware em Linguagem C.<\/h4>\n<h4>Possu\u00edmos m\u00e1quinas de usinagem pr\u00f3prios que proporciona agilidade na execu\u00e7\u00e3o de projetos customizados e prototipagem.<\/h4>\n<h4>Estamos dispon\u00edveis para atender quaisquer requisi\u00e7\u00f5es.<\/h4>\n<h4>\u00a0<\/h4>\n<\/div>\n\n\n<p><\/p>\n","protected":false},"excerpt":{"rendered":"<p>Antenas Pluton, empresa Brasileira fundada em 1993. Todos os produtos fabricados pela Antenas Pluton s\u00e3o desenvolvidos utilizando ferramentas de simula\u00e7\u00e3o eletromagn\u00e9tica HFSS da Ansoft e CAD. Realizamos testes em C\u00e2maras Anec\u00f3icas e Campo Aberto quando necess\u00e1rio. Possuimos equipamentos pr\u00f3prios para realiza\u00e7\u00e3o de desenvolvimento e contr\u00f4le de qualidade dos produtos. Antenas Pluton tamb\u00e9m tem know-how avan\u00e7ado [&hellip;]<\/p>\n","protected":false},"author":1,"featured_media":0,"parent":0,"menu_order":20,"comment_status":"closed","ping_status":"closed","template":"","meta":{"footnotes":""},"class_list":["post-23","page","type-page","status-publish","hentry"],"_links":{"self":[{"href":"http:\/\/pluton.com.br\/index.php?rest_route=\/wp\/v2\/pages\/23","targetHints":{"allow":["GET"]}}],"collection":[{"href":"http:\/\/pluton.com.br\/index.php?rest_route=\/wp\/v2\/pages"}],"about":[{"href":"http:\/\/pluton.com.br\/index.php?rest_route=\/wp\/v2\/types\/page"}],"author":[{"embeddable":true,"href":"http:\/\/pluton.com.br\/index.php?rest_route=\/wp\/v2\/users\/1"}],"replies":[{"embeddable":true,"href":"http:\/\/pluton.com.br\/index.php?rest_route=%2Fwp%2Fv2%2Fcomments&post=23"}],"version-history":[{"count":3,"href":"http:\/\/pluton.com.br\/index.php?rest_route=\/wp\/v2\/pages\/23\/revisions"}],"predecessor-version":[{"id":5229,"href":"http:\/\/pluton.com.br\/index.php?rest_route=\/wp\/v2\/pages\/23\/revisions\/5229"}],"wp:attachment":[{"href":"http:\/\/pluton.com.br\/index.php?rest_route=%2Fwp%2Fv2%2Fmedia&parent=23"}],"curies":[{"name":"wp","href":"https:\/\/api.w.org\/{rel}","templated":true}]}}