{"id":1905,"date":"2017-06-23T20:28:58","date_gmt":"2017-06-23T23:28:58","guid":{"rendered":"http:\/\/www.pluton.com.br\/?page_id=1905"},"modified":"2017-06-23T20:28:58","modified_gmt":"2017-06-23T23:28:58","slug":"siae-para-flange-com-suporte-mastro","status":"publish","type":"page","link":"http:\/\/pluton.com.br\/?page_id=1905","title":{"rendered":"Siae para Flange com Suporte Mastro"},"content":{"rendered":"<p>Adaptador da ODU Siae ASN7 para Guia de Ondas WG15\/WR112 com flange UBR84 Quadrada com 4 furos ou\u00a0 CPR(F)84 Retangular com 8 furos<\/p>\n<p>Com esse adaptador voc\u00ea pode conectar um r\u00e1dio Siae em qualquer guia de ondas e ainda vem com suporte met\u00e1lico para fixa\u00e7\u00e3o em mastro de<\/p>\n<p>quatro polegadas. Podemos fabricar o mesmo adaptador para ODU Siae em qualquer frequ\u00eancia para a Guia de Ondas correspondente.<\/p>\n<p>&nbsp;<\/p>\n<p><img loading=\"lazy\" decoding=\"async\" class=\"aligncenter wp-image-1906\" src=\"http:\/\/www.pluton.com.br\/wp-content\/uploads\/2017\/06\/100_3002.jpg\" alt=\"\" width=\"573\" height=\"572\" \/><\/p>\n<p>&nbsp;<\/p>\n<p><img loading=\"lazy\" decoding=\"async\" class=\"aligncenter wp-image-1907\" src=\"http:\/\/www.pluton.com.br\/wp-content\/uploads\/2017\/06\/100_3003.jpg\" alt=\"\" width=\"595\" height=\"576\" \/><\/p>\n<p>&nbsp;<\/p>\n<p><img loading=\"lazy\" decoding=\"async\" class=\"aligncenter wp-image-1908\" src=\"http:\/\/www.pluton.com.br\/wp-content\/uploads\/2017\/06\/100_3004.jpg\" alt=\"\" width=\"617\" height=\"573\" \/><\/p>\n<p>&nbsp;<\/p>\n<p><img loading=\"lazy\" decoding=\"async\" class=\"aligncenter wp-image-1912\" src=\"http:\/\/www.pluton.com.br\/wp-content\/uploads\/2017\/06\/100_3021.jpg\" alt=\"\" width=\"618\" height=\"522\" \/><\/p>\n<p>&nbsp;<\/p>\n<p>Suporte met\u00e1lico em chapa de a\u00e7o com pintura \u00e0 p\u00f3.<\/p>\n<p><img loading=\"lazy\" decoding=\"async\" class=\"aligncenter wp-image-1909\" src=\"http:\/\/www.pluton.com.br\/wp-content\/uploads\/2017\/06\/100_3006.jpg\" alt=\"\" width=\"625\" height=\"326\" \/><\/p>\n<p>&nbsp;<\/p>\n<p>Acompanha uma abra\u00e7adeira para fixa\u00e7\u00e3o ao mastro<\/p>\n<p>&nbsp;<\/p>\n<p><img loading=\"lazy\" decoding=\"async\" class=\"aligncenter wp-image-1911\" src=\"http:\/\/www.pluton.com.br\/wp-content\/uploads\/2017\/06\/100_2879.jpg\" alt=\"\" width=\"637\" height=\"642\" \/><\/p>\n<p>&nbsp;<\/p>\n<p>Tipos de flanges dispon\u00edveis para esse adaptador:<\/p>\n<p><img loading=\"lazy\" decoding=\"async\" class=\"aligncenter  wp-image-1793\" src=\"http:\/\/www.pluton.com.br\/wp-content\/uploads\/2017\/06\/flanges-1.png\" alt=\"\" width=\"603\" height=\"483\" \/><\/p>\n<p><a href=\"http:\/\/www.pluton.com.br\/index.php\/orcamentos\/\">Solicite um or\u00e7amento<\/a><\/p>\n<p>&nbsp;<\/p>\n","protected":false},"excerpt":{"rendered":"<p>Adaptador da ODU Siae ASN7 para Guia de Ondas WG15\/WR112 com flange UBR84 Quadrada com 4 furos ou\u00a0 CPR(F)84 Retangular com 8 furos Com esse adaptador voc\u00ea pode conectar um r\u00e1dio Siae em qualquer guia de ondas e ainda vem com suporte met\u00e1lico para fixa\u00e7\u00e3o em mastro de quatro polegadas. Podemos fabricar o mesmo adaptador [&hellip;]<\/p>\n","protected":false},"author":1,"featured_media":0,"parent":183,"menu_order":0,"comment_status":"closed","ping_status":"closed","template":"","meta":{"footnotes":""},"class_list":["post-1905","page","type-page","status-publish","hentry"],"_links":{"self":[{"href":"http:\/\/pluton.com.br\/index.php?rest_route=\/wp\/v2\/pages\/1905","targetHints":{"allow":["GET"]}}],"collection":[{"href":"http:\/\/pluton.com.br\/index.php?rest_route=\/wp\/v2\/pages"}],"about":[{"href":"http:\/\/pluton.com.br\/index.php?rest_route=\/wp\/v2\/types\/page"}],"author":[{"embeddable":true,"href":"http:\/\/pluton.com.br\/index.php?rest_route=\/wp\/v2\/users\/1"}],"replies":[{"embeddable":true,"href":"http:\/\/pluton.com.br\/index.php?rest_route=%2Fwp%2Fv2%2Fcomments&post=1905"}],"version-history":[{"count":0,"href":"http:\/\/pluton.com.br\/index.php?rest_route=\/wp\/v2\/pages\/1905\/revisions"}],"up":[{"embeddable":true,"href":"http:\/\/pluton.com.br\/index.php?rest_route=\/wp\/v2\/pages\/183"}],"wp:attachment":[{"href":"http:\/\/pluton.com.br\/index.php?rest_route=%2Fwp%2Fv2%2Fmedia&parent=1905"}],"curies":[{"name":"wp","href":"https:\/\/api.w.org\/{rel}","templated":true}]}}