{"id":187,"date":"2017-05-22T00:14:02","date_gmt":"2017-05-22T03:14:02","guid":{"rendered":"http:\/\/www-teste.pluton.com.br\/?page_id=187"},"modified":"2017-05-22T00:14:02","modified_gmt":"2017-05-22T03:14:02","slug":"acoplamento-pluton","status":"publish","type":"page","link":"http:\/\/pluton.com.br\/?page_id=187","title":{"rendered":"Acoplamento Pluton"},"content":{"rendered":"<p>Acoplamentos para Antenas<\/p>\n<figure id=\"attachment_1093\" aria-describedby=\"caption-attachment-1093\" style=\"width: 455px\" class=\"wp-caption aligncenter\"><img loading=\"lazy\" decoding=\"async\" class=\"wp-image-1093\" src=\"http:\/\/www-teste.pluton.com.br\/wp-content\/uploads\/2017\/05\/im1-13.jpg\" alt=\"\" width=\"455\" height=\"256\" \/><figcaption id=\"caption-attachment-1093\" class=\"wp-caption-text\">Adaptador da OMT Pluton para encaixe na antena Andrew 6GHz<\/figcaption><\/figure>\n<p>Temos dispon\u00edvel para nossas antenas os acoplamentos diretos para a maioria<\/p>\n<p>dos r\u00e1dios mais utilizados no mercado.<\/p>\n<p>Em casos especiais fazemos o acoplamento sob medida para atend\u00ea-lo da melhor<\/p>\n<p>forma.<\/p>\n<p>Como possuimos m\u00e1quinas especiais, a produ\u00e7\u00e3o \u00e9 r\u00e1pida pois pouco dependemos<\/p>\n<p>de terceiros para permitir uma entrega r\u00e1pida.<\/p>\n<p>Os acoplamentos Pluton s\u00e3o exclusivos para as Antenas Pluton mas\u00a0 tamb\u00e9m temos em nossa<\/p>\n<p>linha de produtos adaptadores de nossos acoplamentos para antenas de outros fabricantes.<img loading=\"lazy\" decoding=\"async\" class=\"wp-image-1087 alignleft\" src=\"http:\/\/www-teste.pluton.com.br\/wp-content\/uploads\/2017\/05\/im1-10.jpg\" alt=\"\" width=\"183\" height=\"183\" \/><\/p>\n<p>&nbsp;<\/p>\n<figure id=\"attachment_1089\" aria-describedby=\"caption-attachment-1089\" style=\"width: 301px\" class=\"wp-caption alignnone\"><img loading=\"lazy\" decoding=\"async\" class=\"wp-image-1089\" src=\"http:\/\/www-teste.pluton.com.br\/wp-content\/uploads\/2017\/05\/im2-10.jpg\" alt=\"\" width=\"301\" height=\"301\" \/><figcaption id=\"caption-attachment-1089\" class=\"wp-caption-text\">Adaptador na Antena VHLP1-23-2WH<\/figcaption><\/figure>\n<p><img loading=\"lazy\" decoding=\"async\" class=\"alignnone size-full wp-image-1130\" src=\"http:\/\/www-teste.pluton.com.br\/wp-content\/uploads\/2017\/05\/waveguides_all.jpg\" alt=\"\" width=\"436\" height=\"194\" \/><\/p>\n<p>&nbsp;<\/p>\n<p><a href=\"http:\/\/www-teste.pluton.com.br\/wp-content\/uploads\/2017\/05\/FmiCat07108119.pdf\">Cat\u00e1logo Geral de Flanges<\/a><\/p>\n<p>&nbsp;<\/p>\n<p>&nbsp;<\/p>\n","protected":false},"excerpt":{"rendered":"<p>Acoplamentos para Antenas Temos dispon\u00edvel para nossas antenas os acoplamentos diretos para a maioria dos r\u00e1dios mais utilizados no mercado. Em casos especiais fazemos o acoplamento sob medida para atend\u00ea-lo da melhor forma. Como possuimos m\u00e1quinas especiais, a produ\u00e7\u00e3o \u00e9 r\u00e1pida pois pouco dependemos de terceiros para permitir uma entrega r\u00e1pida. Os acoplamentos Pluton s\u00e3o [&hellip;]<\/p>\n","protected":false},"author":1,"featured_media":0,"parent":114,"menu_order":5,"comment_status":"closed","ping_status":"closed","template":"","meta":{"footnotes":""},"class_list":["post-187","page","type-page","status-publish","hentry"],"_links":{"self":[{"href":"http:\/\/pluton.com.br\/index.php?rest_route=\/wp\/v2\/pages\/187","targetHints":{"allow":["GET"]}}],"collection":[{"href":"http:\/\/pluton.com.br\/index.php?rest_route=\/wp\/v2\/pages"}],"about":[{"href":"http:\/\/pluton.com.br\/index.php?rest_route=\/wp\/v2\/types\/page"}],"author":[{"embeddable":true,"href":"http:\/\/pluton.com.br\/index.php?rest_route=\/wp\/v2\/users\/1"}],"replies":[{"embeddable":true,"href":"http:\/\/pluton.com.br\/index.php?rest_route=%2Fwp%2Fv2%2Fcomments&post=187"}],"version-history":[{"count":0,"href":"http:\/\/pluton.com.br\/index.php?rest_route=\/wp\/v2\/pages\/187\/revisions"}],"up":[{"embeddable":true,"href":"http:\/\/pluton.com.br\/index.php?rest_route=\/wp\/v2\/pages\/114"}],"wp:attachment":[{"href":"http:\/\/pluton.com.br\/index.php?rest_route=%2Fwp%2Fv2%2Fmedia&parent=187"}],"curies":[{"name":"wp","href":"https:\/\/api.w.org\/{rel}","templated":true}]}}