{"id":185,"date":"2017-05-22T00:12:02","date_gmt":"2017-05-22T03:12:02","guid":{"rendered":"http:\/\/www-teste.pluton.com.br\/?page_id=185"},"modified":"2017-05-22T00:12:02","modified_gmt":"2017-05-22T03:12:02","slug":"adaptador-wg15","status":"publish","type":"page","link":"http:\/\/pluton.com.br\/?page_id=185","title":{"rendered":"Transi\u00e7\u00e3o WG15"},"content":{"rendered":"<p>Transi\u00e7\u00e3o N para Guia WG15 com flange Retangular ou Quadrada.<\/p>\n<p><img loading=\"lazy\" decoding=\"async\" class=\"alignnone size-full wp-image-1016\" src=\"http:\/\/www-teste.pluton.com.br\/wp-content\/uploads\/2017\/05\/im1-cn4.jpg\" alt=\"\" width=\"2230\" height=\"1254\" \/><\/p>\n<p><img loading=\"lazy\" decoding=\"async\" class=\"alignnone size-full wp-image-1017\" src=\"http:\/\/www-teste.pluton.com.br\/wp-content\/uploads\/2017\/05\/im1-cn5.jpg\" alt=\"\" width=\"2230\" height=\"1254\" \/><\/p>\n<p>&nbsp;<\/p>\n<p><img loading=\"lazy\" decoding=\"async\" class=\"alignleft size-full wp-image-2121\" src=\"http:\/\/www.pluton.com.br\/wp-content\/uploads\/2017\/05\/im1-33.jpg\" alt=\"\" width=\"472\" height=\"496\" \/><\/p>\n<p>&nbsp;<\/p>\n<p>&nbsp;<\/p>\n<p>&nbsp;<\/p>\n<p>&nbsp;<\/p>\n<p>&nbsp;<\/p>\n<p>&nbsp;<\/p>\n<p>&nbsp;<\/p>\n<p>&nbsp;<\/p>\n<p>&nbsp;<\/p>\n<p>&nbsp;<\/p>\n<p>&nbsp;<\/p>\n<p>&nbsp;<\/p>\n<p>&nbsp;<\/p>\n<p>&nbsp;<\/p>\n<p><img loading=\"lazy\" decoding=\"async\" class=\"alignleft size-full wp-image-2122\" src=\"http:\/\/www.pluton.com.br\/wp-content\/uploads\/2017\/05\/im2-26.jpg\" alt=\"\" width=\"524\" height=\"436\" \/><\/p>\n<p>&nbsp;<\/p>\n<p>&nbsp;<\/p>\n<p>&nbsp;<\/p>\n<p>&nbsp;<\/p>\n<p>&nbsp;<\/p>\n<p>&nbsp;<\/p>\n<p>&nbsp;<\/p>\n<p>&nbsp;<\/p>\n<p>&nbsp;<\/p>\n<p>&nbsp;<\/p>\n<p>&nbsp;<\/p>\n<p>&nbsp;<\/p>\n<p>Adaptadores s\u00e3o testados antes de serem enviados aos clientes.<\/p>\n<p>&nbsp;<\/p>\n<p><img loading=\"lazy\" decoding=\"async\" class=\"alignnone size-full wp-image-718\" src=\"http:\/\/www-teste.pluton.com.br\/wp-content\/uploads\/2017\/05\/IMG_0679.jpg\" alt=\"\" width=\"1024\" height=\"765\" \/><\/p>\n<p>&nbsp;<\/p>\n","protected":false},"excerpt":{"rendered":"<p>Transi\u00e7\u00e3o N para Guia WG15 com flange Retangular ou Quadrada. &nbsp; &nbsp; &nbsp; &nbsp; &nbsp; &nbsp; &nbsp; &nbsp; &nbsp; &nbsp; &nbsp; &nbsp; &nbsp; &nbsp; &nbsp; &nbsp; &nbsp; &nbsp; &nbsp; &nbsp; &nbsp; &nbsp; &nbsp; &nbsp; &nbsp; &nbsp; &nbsp; Adaptadores s\u00e3o testados antes de serem enviados aos clientes. &nbsp; &nbsp;<\/p>\n","protected":false},"author":1,"featured_media":0,"parent":183,"menu_order":40,"comment_status":"closed","ping_status":"closed","template":"","meta":{"footnotes":""},"class_list":["post-185","page","type-page","status-publish","hentry"],"_links":{"self":[{"href":"http:\/\/pluton.com.br\/index.php?rest_route=\/wp\/v2\/pages\/185","targetHints":{"allow":["GET"]}}],"collection":[{"href":"http:\/\/pluton.com.br\/index.php?rest_route=\/wp\/v2\/pages"}],"about":[{"href":"http:\/\/pluton.com.br\/index.php?rest_route=\/wp\/v2\/types\/page"}],"author":[{"embeddable":true,"href":"http:\/\/pluton.com.br\/index.php?rest_route=\/wp\/v2\/users\/1"}],"replies":[{"embeddable":true,"href":"http:\/\/pluton.com.br\/index.php?rest_route=%2Fwp%2Fv2%2Fcomments&post=185"}],"version-history":[{"count":0,"href":"http:\/\/pluton.com.br\/index.php?rest_route=\/wp\/v2\/pages\/185\/revisions"}],"up":[{"embeddable":true,"href":"http:\/\/pluton.com.br\/index.php?rest_route=\/wp\/v2\/pages\/183"}],"wp:attachment":[{"href":"http:\/\/pluton.com.br\/index.php?rest_route=%2Fwp%2Fv2%2Fmedia&parent=185"}],"curies":[{"name":"wp","href":"https:\/\/api.w.org\/{rel}","templated":true}]}}