{"id":1809,"date":"2017-06-20T23:46:19","date_gmt":"2017-06-21T02:46:19","guid":{"rendered":"http:\/\/www.pluton.com.br\/?page_id=1809"},"modified":"2017-06-20T23:46:19","modified_gmt":"2017-06-21T02:46:19","slug":"transicao-wg-14","status":"publish","type":"page","link":"http:\/\/pluton.com.br\/?page_id=1809","title":{"rendered":"N->WG-14\/WR-137"},"content":{"rendered":"<p><span style=\"color: #000000;\">Adaptador de Guias WG-14\/WR-137 para Conector de Cabo Coaxial tipo N modelo P65-A-S-C02-01-REV1.<\/span><\/p>\n<p><span style=\"color: #000000;\">A Flange \u00e9 padr\u00e3o UDR70 ( retangular\u00a0 com 08 furos sem o&#8217;ring)\u00a0 com precis\u00e3o para um encaixe perfeito. Podemos fornecer com quaisquer outros padr\u00f5es de flange.<\/span><\/p>\n<p><span style=\"color: #000000;\">Esse adaptador pode operar de 5.9 at\u00e9 8.1GHz. Pode ser conectado a ODU de qualquer fabricante, OMT, Coupler, antenas e\/ou\u00a0 demais dispositivos de microondas que possuam o mesmo tipo de Guias de Onda e flange.<br \/>\n<\/span><\/p>\n<table style=\"width: 655.117px;\">\n<tbody>\n<tr>\n<td style=\"width: 306px;\"><img loading=\"lazy\" decoding=\"async\" class=\"alignnone wp-image-1796\" src=\"http:\/\/www.pluton.com.br\/wp-content\/uploads\/2017\/06\/im3-1.jpg\" alt=\"\" width=\"271\" height=\"271\" \/><\/td>\n<td style=\"width: 315.117px;\"><span style=\"color: #000000;\"><img loading=\"lazy\" decoding=\"async\" class=\"alignnone  wp-image-1795\" src=\"http:\/\/www.pluton.com.br\/wp-content\/uploads\/2017\/06\/im2.jpg\" alt=\"\" width=\"281\" height=\"273\" \/><\/span><\/td>\n<\/tr>\n<\/tbody>\n<\/table>\n<p>&nbsp;<\/p>\n<p>&nbsp;<\/p>\n<p><span style=\"font-size: 14pt;\"><strong><span style=\"color: #000000;\">Configura\u00e7\u00e3o<\/span><\/strong><\/span><\/p>\n<table style=\"border-color: #050101; background-color: #f5e7da; width: 517.067px;\">\n<tbody>\n<tr>\n<td style=\"width: 112px;\"><span style=\"color: #000000;\">Tamanho da Guia<\/span><\/td>\n<td style=\"width: 101.067px;\"><span style=\"color: #000000;\">WR-137 \/ WG14<\/span><\/td>\n<\/tr>\n<tr>\n<td style=\"width: 112px;\"><span style=\"color: #000000;\">Flange<\/span><\/td>\n<td style=\"width: 101.067px;\"><span style=\"color: #000000;\">UDR70<\/span><\/td>\n<\/tr>\n<tr>\n<td style=\"width: 112px;\"><span style=\"color: #000000;\">Conector<\/span><\/td>\n<td style=\"width: 101.067px;\"><span style=\"color: #000000;\">N F\u00eamea<\/span><\/td>\n<\/tr>\n<tr>\n<td style=\"width: 112px;\"><span style=\"color: #000000;\">Imped\u00e2ncia<\/span><\/td>\n<td style=\"width: 101.067px;\"><span style=\"color: #000000;\">50 Ohms<\/span><\/td>\n<\/tr>\n<tr>\n<td style=\"width: 112px;\"><span style=\"color: #000000;\">Geometria<\/span><\/td>\n<td style=\"width: 101.067px;\"><span style=\"color: #000000;\">Normal<\/span><\/td>\n<\/tr>\n<\/tbody>\n<\/table>\n<p>&nbsp;<\/p>\n<p><span style=\"font-size: 14pt;\"><strong><span style=\"color: #000000;\">Especifica\u00e7\u00f5es El\u00e9tricas<\/span><\/strong><\/span><\/p>\n<table style=\"border-color: #050101; background-color: #f5e7da;\" border=\"1\">\n<tbody>\n<tr>\n<td><span style=\"color: #000000;\">Descri\u00e7\u00e3o<\/span><\/td>\n<td><span style=\"color: #000000;\">Min<\/span><\/td>\n<td><span style=\"color: #000000;\">T\u00edpico<\/span><\/td>\n<td><span style=\"color: #000000;\">Max<\/span><\/td>\n<td><span style=\"color: #000000;\">Unidade<\/span><\/td>\n<\/tr>\n<tr>\n<td><span style=\"color: #000000;\">Faixa de Frequ\u00eancia<\/span><\/td>\n<td><span style=\"color: #000000;\">5.85<\/span><\/td>\n<td><span style=\"color: #000000;\">\u00a0<\/span><\/td>\n<td><span style=\"color: #000000;\">8.20<\/span><\/td>\n<td><span style=\"color: #000000;\">GHz<\/span><\/td>\n<\/tr>\n<tr>\n<td><span style=\"color: #000000;\">WSWR<\/span><\/td>\n<td><span style=\"color: #000000;\">\u00a0<\/span><\/td>\n<td><span style=\"color: #000000;\">\u00a0<\/span><\/td>\n<td><span style=\"color: #000000;\">1.35:1<\/span><\/td>\n<td><span style=\"color: #000000;\">\u00a0<\/span><\/td>\n<\/tr>\n<tr>\n<td><span style=\"color: #000000;\">Perda por Inser\u00e7\u00e3o<\/span><\/td>\n<td><span style=\"color: #000000;\">\u00a0<\/span><\/td>\n<td><span style=\"color: #000000;\">0.25<\/span><\/td>\n<td><span style=\"color: #000000;\">\u00a0<\/span><\/td>\n<td><span style=\"color: #000000;\">dB<\/span><\/td>\n<\/tr>\n<\/tbody>\n<\/table>\n<p><span style=\"font-size: 14pt;\"><strong><span style=\"color: #000000;\">Especifica\u00e7\u00f5es Mec\u00e2nicas<\/span><\/strong><\/span><\/p>\n<p><strong><span style=\"color: #000000;\">Tamanho<\/span><\/strong><\/p>\n<table style=\"width: 526.267px; border-color: #050101; background-color: #f5e7da;\">\n<tbody>\n<tr>\n<td style=\"width: 281px;\"><span style=\"color: #000000;\">Comprimento<\/span><\/td>\n<td style=\"width: 212.267px;\"><span style=\"color: #000000;\">50.7mm<\/span><\/td>\n<\/tr>\n<tr>\n<td style=\"width: 281px;\"><span style=\"color: #000000;\">Largura<\/span><\/td>\n<td style=\"width: 212.267px;\"><span style=\"color: #000000;\">68.3mm<\/span><\/td>\n<\/tr>\n<tr>\n<td style=\"width: 281px;\"><span style=\"color: #000000;\">Altura<\/span><\/td>\n<td style=\"width: 212.267px;\"><span style=\"color: #000000;\">49.4mm<\/span><\/td>\n<\/tr>\n<tr>\n<td style=\"width: 281px;\"><span style=\"color: #000000;\">Peso<\/span><\/td>\n<td style=\"width: 212.267px;\"><span style=\"color: #000000;\">160g<\/span><\/td>\n<\/tr>\n<\/tbody>\n<\/table>\n<p><strong><span style=\"color: #000000;\">Conector de RF<\/span><\/strong><\/p>\n<table style=\"width: 524.667px; border-color: #050101; background-color: #f5e7da;\">\n<tbody>\n<tr>\n<td style=\"width: 283px;\"><span style=\"color: #000000;\">Tipo de Conector<\/span><\/td>\n<td style=\"width: 208.667px;\"><span style=\"color: #000000;\">N F\u00eamea<\/span><\/td>\n<\/tr>\n<tr>\n<td style=\"width: 283px;\"><span style=\"color: #000000;\">Especifica\u00e7\u00e3o<\/span><\/td>\n<td style=\"width: 208.667px;\"><span style=\"color: #000000;\">Camada de Ouro 31 microns<\/span><\/td>\n<\/tr>\n<tr>\n<td style=\"width: 283px;\"><span style=\"color: #000000;\">Material de Contato<\/span><\/td>\n<td style=\"width: 208.667px;\"><span style=\"color: #000000;\">Bronze Passivado, Ouro<\/span><\/td>\n<\/tr>\n<tr>\n<td style=\"width: 283px;\"><span style=\"color: #000000;\">Material do Corpo<\/span><\/td>\n<td style=\"width: 208.667px;\"><span style=\"color: #000000;\">Bronze<\/span><\/td>\n<\/tr>\n<\/tbody>\n<\/table>\n<p><strong><span style=\"color: #000000;\">Interface da Guia<\/span><\/strong><\/p>\n<table style=\"width: 528.683px; border-color: #050101; background-color: #f5e7da;\">\n<tbody>\n<tr>\n<td style=\"width: 284px;\"><span style=\"color: #000000;\">Padr\u00e3o da Guia<\/span><\/td>\n<td style=\"width: 211.683px;\"><span style=\"color: #000000;\">WR-137<\/span><\/td>\n<\/tr>\n<tr>\n<td style=\"width: 284px;\"><span style=\"color: #000000;\">Padr\u00e3o da Flange<\/span><\/td>\n<td style=\"width: 211.683px;\"><span style=\"color: #000000;\">UDR70<\/span><\/td>\n<\/tr>\n<tr>\n<td style=\"width: 284px;\"><span style=\"color: #000000;\">Material do Corpo<br \/>\n<\/span><\/td>\n<td style=\"width: 211.683px;\"><span style=\"color: #000000;\">Alum\u00ednio Liga 1020<br \/>\n<\/span><\/td>\n<\/tr>\n<tr>\n<td style=\"width: 284px;\"><span style=\"color: #000000;\">Acabamento Externo<\/span><\/td>\n<td style=\"width: 211.683px;\"><span style=\"color: #000000;\">Anodizado Colorido<\/span><\/td>\n<\/tr>\n<tr>\n<td style=\"width: 284px;\"><span style=\"color: #000000;\">Acabamento Interno<\/span><\/td>\n<td style=\"width: 211.683px;\"><span style=\"color: #000000;\">Anodizado Colorido<\/span><\/td>\n<\/tr>\n<\/tbody>\n<\/table>\n<p><span style=\"font-size: 14pt;\"><strong><span style=\"color: #000000;\">Especifica\u00e7\u00f5es Ambientais<\/span><\/strong><\/span><\/p>\n<table style=\"width: 531.267px; border-color: #050101; background-color: #f5e7da;\">\n<tbody>\n<tr>\n<td style=\"width: 284px;\"><span style=\"color: #000000;\">Faixa de Temperatura<\/span><\/td>\n<td style=\"width: 214.267px;\"><span style=\"color: #000000;\">-55C at\u00e9 120C<\/span><\/td>\n<\/tr>\n<\/tbody>\n<\/table>\n<p><span style=\"color: #000000;\">Part Number:<\/span><\/p>\n<table style=\"width: 531.267px; border-color: #050101; background-color: #f5e7da;\">\n<tbody>\n<tr>\n<td style=\"width: 193px;\"><span style=\"color: #000000;\">P65-A-S-C02-01-REV1<\/span><\/td>\n<td style=\"width: 308.517px;\"><span style=\"color: #000000;\">Guia WR-137 &#8211; Flange UDR70 &#8211; Conector N<\/span><\/td>\n<\/tr>\n<\/tbody>\n<\/table>\n<p><span style=\"color: #000000;\">Desenho Mecanico<br \/>\n<\/span><\/p>\n<p><span style=\"color: #000000;\"><img loading=\"lazy\" decoding=\"async\" class=\"alignnone wp-image-1791\" src=\"http:\/\/www.pluton.com.br\/wp-content\/uploads\/2017\/06\/Montagem-Adaptador-com-conector.jpg\" alt=\"\" width=\"451\" height=\"551\" \/><\/span><\/p>\n<p><span style=\"color: #000000;\"><strong>Padr\u00f5es de Flanges Dispon\u00edveis:<\/strong><\/span><\/p>\n<p><img loading=\"lazy\" decoding=\"async\" class=\"alignnone size-full wp-image-1793\" src=\"http:\/\/www.pluton.com.br\/wp-content\/uploads\/2017\/06\/flanges-1.png\" alt=\"\" width=\"1600\" height=\"1280\" \/><\/p>\n<p>&nbsp;<\/p>\n<p>&nbsp;<\/p>\n<p><strong>[print_link]<\/strong><\/p>\n","protected":false},"excerpt":{"rendered":"<p>Adaptador de Guias WG-14\/WR-137 para Conector de Cabo Coaxial tipo N modelo P65-A-S-C02-01-REV1. A Flange \u00e9 padr\u00e3o UDR70 ( retangular\u00a0 com 08 furos sem o&#8217;ring)\u00a0 com precis\u00e3o para um encaixe perfeito. Podemos fornecer com quaisquer outros padr\u00f5es de flange. Esse adaptador pode operar de 5.9 at\u00e9 8.1GHz. Pode ser conectado a ODU de qualquer fabricante, [&hellip;]<\/p>\n","protected":false},"author":1,"featured_media":0,"parent":179,"menu_order":100,"comment_status":"closed","ping_status":"closed","template":"","meta":{"footnotes":""},"class_list":["post-1809","page","type-page","status-publish","hentry"],"_links":{"self":[{"href":"http:\/\/pluton.com.br\/index.php?rest_route=\/wp\/v2\/pages\/1809","targetHints":{"allow":["GET"]}}],"collection":[{"href":"http:\/\/pluton.com.br\/index.php?rest_route=\/wp\/v2\/pages"}],"about":[{"href":"http:\/\/pluton.com.br\/index.php?rest_route=\/wp\/v2\/types\/page"}],"author":[{"embeddable":true,"href":"http:\/\/pluton.com.br\/index.php?rest_route=\/wp\/v2\/users\/1"}],"replies":[{"embeddable":true,"href":"http:\/\/pluton.com.br\/index.php?rest_route=%2Fwp%2Fv2%2Fcomments&post=1809"}],"version-history":[{"count":0,"href":"http:\/\/pluton.com.br\/index.php?rest_route=\/wp\/v2\/pages\/1809\/revisions"}],"up":[{"embeddable":true,"href":"http:\/\/pluton.com.br\/index.php?rest_route=\/wp\/v2\/pages\/179"}],"wp:attachment":[{"href":"http:\/\/pluton.com.br\/index.php?rest_route=%2Fwp%2Fv2%2Fmedia&parent=1809"}],"curies":[{"name":"wp","href":"https:\/\/api.w.org\/{rel}","templated":true}]}}