{"id":1744,"date":"2017-06-04T21:59:10","date_gmt":"2017-06-05T00:59:10","guid":{"rendered":"http:\/\/www.pluton.com.br\/?page_id=1744"},"modified":"2017-06-04T21:59:10","modified_gmt":"2017-06-05T00:59:10","slug":"wg16-wr90-modular","status":"publish","type":"page","link":"http:\/\/pluton.com.br\/?page_id=1744","title":{"rendered":"OMT Pluton conex\u00e3o Flange"},"content":{"rendered":"<p>OMT Pluton com duas sa\u00eddas WG16\/WR90 com fura\u00e7\u00e3o para entradas de flange retangular UBR100 e quadrada.<\/p>\n<p>Compatibilidade com Antenas Pluton.<\/p>\n<p>Adaptadores para diversos fabricantes de antenas.<\/p>\n<p>Peso: 700g<\/p>\n<p>Isola\u00e7\u00e3o entre portas &gt; 35dB<\/p>\n<p>Perda por Retorno &lt; 1.2:1<\/p>\n<p>Frequ\u00eancia: 8.2-12GHz<\/p>\n<p><img loading=\"lazy\" decoding=\"async\" class=\"alignnone size-full wp-image-1747\" src=\"http:\/\/www.pluton.com.br\/wp-content\/uploads\/2017\/06\/im6.jpg\" alt=\"\" width=\"709\" height=\"511\" \/><\/p>\n<p>&nbsp;<\/p>\n<p><img loading=\"lazy\" decoding=\"async\" class=\"alignnone size-full wp-image-1754\" src=\"http:\/\/www.pluton.com.br\/wp-content\/uploads\/2017\/06\/im5-2.jpg\" alt=\"\" width=\"779\" height=\"534\" \/><\/p>\n<p>&nbsp;<\/p>\n","protected":false},"excerpt":{"rendered":"<p>OMT Pluton com duas sa\u00eddas WG16\/WR90 com fura\u00e7\u00e3o para entradas de flange retangular UBR100 e quadrada. Compatibilidade com Antenas Pluton. Adaptadores para diversos fabricantes de antenas. Peso: 700g Isola\u00e7\u00e3o entre portas &gt; 35dB Perda por Retorno &lt; 1.2:1 Frequ\u00eancia: 8.2-12GHz &nbsp; &nbsp;<\/p>\n","protected":false},"author":1,"featured_media":0,"parent":1741,"menu_order":0,"comment_status":"closed","ping_status":"closed","template":"","meta":{"footnotes":""},"class_list":["post-1744","page","type-page","status-publish","hentry"],"_links":{"self":[{"href":"http:\/\/pluton.com.br\/index.php?rest_route=\/wp\/v2\/pages\/1744","targetHints":{"allow":["GET"]}}],"collection":[{"href":"http:\/\/pluton.com.br\/index.php?rest_route=\/wp\/v2\/pages"}],"about":[{"href":"http:\/\/pluton.com.br\/index.php?rest_route=\/wp\/v2\/types\/page"}],"author":[{"embeddable":true,"href":"http:\/\/pluton.com.br\/index.php?rest_route=\/wp\/v2\/users\/1"}],"replies":[{"embeddable":true,"href":"http:\/\/pluton.com.br\/index.php?rest_route=%2Fwp%2Fv2%2Fcomments&post=1744"}],"version-history":[{"count":0,"href":"http:\/\/pluton.com.br\/index.php?rest_route=\/wp\/v2\/pages\/1744\/revisions"}],"up":[{"embeddable":true,"href":"http:\/\/pluton.com.br\/index.php?rest_route=\/wp\/v2\/pages\/1741"}],"wp:attachment":[{"href":"http:\/\/pluton.com.br\/index.php?rest_route=%2Fwp%2Fv2%2Fmedia&parent=1744"}],"curies":[{"name":"wp","href":"https:\/\/api.w.org\/{rel}","templated":true}]}}