{"id":165,"date":"2017-05-21T23:57:29","date_gmt":"2017-05-22T02:57:29","guid":{"rendered":"http:\/\/www-teste.pluton.com.br\/?page_id=165"},"modified":"2017-05-21T23:57:29","modified_gmt":"2017-05-22T02:57:29","slug":"splitercoupler","status":"publish","type":"page","link":"http:\/\/pluton.com.br\/?page_id=165","title":{"rendered":"Spliter\/Coupler"},"content":{"rendered":"<h4>Acoplador H\u00edbrido Pluton p65-A-G-D00-01<\/h4>\n<h4>Descri\u00e7\u00e3o:<\/h4>\n<h4>Acopladores Hibridos, chamados tamb\u00e9m de Coupler ou Splitter s\u00e3o dispositivos que possuem uma entrada e duas sa\u00eddas. O sinal da entrada \u00e9 dividido igualmente entre as duas sa\u00eddas. Dessa forma a amplitude da sa\u00edda \u00e9 -3dB da entrada. Entre as duas sa\u00eddas pode haver um acoplamento por volta de 10dB, dependendo do projeto.<\/h4>\n<h4>No acoplador n\u00e3o ocorre mudan\u00e7a de polariza\u00e7\u00e3o do sinal, j\u00e1 que as entradas e sa\u00eddas possuem a mesma polariza\u00e7\u00e3o.<\/h4>\n<h4>O Acoplador H\u00edbrido Pluton p65-A-G-D00-01 possui tr\u00eas portas com cavidade WG14 e fura\u00e7\u00e3o para coplamento retangular. Nas portas laterais pode ser feito o acoplamento da guia de ondas ou diretamente para qualquer r\u00e1dio com o adaptador espec\u00edfico.<\/h4>\n<h4>Na figura abaixo o Acoplador est\u00e1 montado com adapta\u00e7\u00e3o para o r\u00e1dio Siae ASN6<\/h4>\n<h4><img loading=\"lazy\" decoding=\"async\" class=\"alignnone size-full wp-image-1029\" src=\"http:\/\/www-teste.pluton.com.br\/wp-content\/uploads\/2017\/05\/IMG-20170316-WA0005-1.jpg\" alt=\"\" width=\"2048\" height=\"1536\" \/><\/h4>\n<h4>Abaixo est\u00e3o as poss\u00edveis\u00a0 configura\u00e7\u00f5es de montagem.<\/h4>\n<h4><img loading=\"lazy\" decoding=\"async\" class=\"alignnone size-full wp-image-1208\" src=\"http:\/\/www-teste.pluton.com.br\/wp-content\/uploads\/2017\/05\/im7-9.jpg\" alt=\"\" width=\"2230\" height=\"1254\" \/><\/h4>\n<p><img loading=\"lazy\" decoding=\"async\" class=\"alignnone size-full wp-image-1354\" src=\"http:\/\/www.pluton.com.br\/wp-content\/uploads\/2017\/05\/im8.jpg\" alt=\"\" width=\"2230\" height=\"1254\" \/> <img loading=\"lazy\" decoding=\"async\" class=\"alignnone size-full wp-image-1355\" src=\"http:\/\/www.pluton.com.br\/wp-content\/uploads\/2017\/05\/im9-1.jpg\" alt=\"\" width=\"2230\" height=\"1254\" \/><\/p>\n","protected":false},"excerpt":{"rendered":"<p>Acoplador H\u00edbrido Pluton p65-A-G-D00-01 Descri\u00e7\u00e3o: Acopladores Hibridos, chamados tamb\u00e9m de Coupler ou Splitter s\u00e3o dispositivos que possuem uma entrada e duas sa\u00eddas. O sinal da entrada \u00e9 dividido igualmente entre as duas sa\u00eddas. Dessa forma a amplitude da sa\u00edda \u00e9 -3dB da entrada. Entre as duas sa\u00eddas pode haver um acoplamento por volta de 10dB, [&hellip;]<\/p>\n","protected":false},"author":1,"featured_media":0,"parent":114,"menu_order":20,"comment_status":"closed","ping_status":"closed","template":"","meta":{"footnotes":""},"class_list":["post-165","page","type-page","status-publish","hentry"],"_links":{"self":[{"href":"http:\/\/pluton.com.br\/index.php?rest_route=\/wp\/v2\/pages\/165","targetHints":{"allow":["GET"]}}],"collection":[{"href":"http:\/\/pluton.com.br\/index.php?rest_route=\/wp\/v2\/pages"}],"about":[{"href":"http:\/\/pluton.com.br\/index.php?rest_route=\/wp\/v2\/types\/page"}],"author":[{"embeddable":true,"href":"http:\/\/pluton.com.br\/index.php?rest_route=\/wp\/v2\/users\/1"}],"replies":[{"embeddable":true,"href":"http:\/\/pluton.com.br\/index.php?rest_route=%2Fwp%2Fv2%2Fcomments&post=165"}],"version-history":[{"count":0,"href":"http:\/\/pluton.com.br\/index.php?rest_route=\/wp\/v2\/pages\/165\/revisions"}],"up":[{"embeddable":true,"href":"http:\/\/pluton.com.br\/index.php?rest_route=\/wp\/v2\/pages\/114"}],"wp:attachment":[{"href":"http:\/\/pluton.com.br\/index.php?rest_route=%2Fwp%2Fv2%2Fmedia&parent=165"}],"curies":[{"name":"wp","href":"https:\/\/api.w.org\/{rel}","templated":true}]}}