{"id":1646,"date":"2017-05-25T14:56:29","date_gmt":"2017-05-25T17:56:29","guid":{"rendered":"http:\/\/www.pluton.com.br\/?page_id=1646"},"modified":"2017-05-25T14:56:29","modified_gmt":"2017-05-25T17:56:29","slug":"conversor-adaptacao","status":"publish","type":"page","link":"http:\/\/pluton.com.br\/?page_id=1646","title":{"rendered":"Conversor Adapta\u00e7\u00e3o"},"content":{"rendered":"<p>Conversor para adaptadar OMT e Adaptadores modelos gera\u00e7\u00e3o 2 -8.5GHz de encaixe para o modelo<\/p>\n<p>flange 4 furos<\/p>\n<p><img loading=\"lazy\" decoding=\"async\" class=\"alignnone size-full wp-image-1650\" src=\"http:\/\/www.pluton.com.br\/wp-content\/uploads\/2017\/05\/100_1878-3.jpg\" alt=\"\" width=\"1627\" height=\"1534\" \/><\/p>\n","protected":false},"excerpt":{"rendered":"<p>Conversor para adaptadar OMT e Adaptadores modelos gera\u00e7\u00e3o 2 -8.5GHz de encaixe para o modelo flange 4 furos<\/p>\n","protected":false},"author":1,"featured_media":0,"parent":183,"menu_order":0,"comment_status":"closed","ping_status":"closed","template":"","meta":{"footnotes":""},"class_list":["post-1646","page","type-page","status-publish","hentry"],"_links":{"self":[{"href":"http:\/\/pluton.com.br\/index.php?rest_route=\/wp\/v2\/pages\/1646","targetHints":{"allow":["GET"]}}],"collection":[{"href":"http:\/\/pluton.com.br\/index.php?rest_route=\/wp\/v2\/pages"}],"about":[{"href":"http:\/\/pluton.com.br\/index.php?rest_route=\/wp\/v2\/types\/page"}],"author":[{"embeddable":true,"href":"http:\/\/pluton.com.br\/index.php?rest_route=\/wp\/v2\/users\/1"}],"replies":[{"embeddable":true,"href":"http:\/\/pluton.com.br\/index.php?rest_route=%2Fwp%2Fv2%2Fcomments&post=1646"}],"version-history":[{"count":0,"href":"http:\/\/pluton.com.br\/index.php?rest_route=\/wp\/v2\/pages\/1646\/revisions"}],"up":[{"embeddable":true,"href":"http:\/\/pluton.com.br\/index.php?rest_route=\/wp\/v2\/pages\/183"}],"wp:attachment":[{"href":"http:\/\/pluton.com.br\/index.php?rest_route=%2Fwp%2Fv2%2Fmedia&parent=1646"}],"curies":[{"name":"wp","href":"https:\/\/api.w.org\/{rel}","templated":true}]}}