{"id":159,"date":"2017-05-21T23:54:30","date_gmt":"2017-05-22T02:54:30","guid":{"rendered":"http:\/\/www-teste.pluton.com.br\/?page_id=159"},"modified":"2017-05-21T23:54:30","modified_gmt":"2017-05-22T02:54:30","slug":"omt","status":"publish","type":"page","link":"http:\/\/pluton.com.br\/?page_id=159","title":{"rendered":"OMT padr\u00e3o Andrew VTRANSX"},"content":{"rendered":"<p>OMT Vtrans 11Ghz<\/p>\n<p>Fura\u00e7\u00e3o para Flange Quadrada<\/p>\n<p>Compatibilidade Andrew na entrada circular<\/p>\n<p>Fura\u00e7\u00e3o com rosca M4 na entrada para as guias de onda.<\/p>\n<p><img loading=\"lazy\" decoding=\"async\" class=\"alignnone size-full wp-image-1431\" src=\"http:\/\/www.pluton.com.br\/wp-content\/uploads\/2017\/05\/im3.jpg\" alt=\"\" width=\"2230\" height=\"1254\" \/> <img loading=\"lazy\" decoding=\"async\" class=\"alignnone size-full wp-image-1432\" src=\"http:\/\/www.pluton.com.br\/wp-content\/uploads\/2017\/05\/im4-1.jpg\" alt=\"\" width=\"2230\" height=\"1254\" \/> <img loading=\"lazy\" decoding=\"async\" class=\"alignnone size-full wp-image-1435\" src=\"http:\/\/www.pluton.com.br\/wp-content\/uploads\/2017\/05\/im2-23.jpg\" alt=\"\" width=\"2230\" height=\"1254\" \/><\/p>\n<p><img loading=\"lazy\" decoding=\"async\" class=\"alignnone size-full wp-image-1774\" src=\"http:\/\/www.pluton.com.br\/wp-content\/uploads\/2017\/05\/100_2962.jpg\" alt=\"\" width=\"1024\" height=\"768\" \/><\/p>\n<p><img loading=\"lazy\" decoding=\"async\" class=\"alignnone size-full wp-image-1775\" src=\"http:\/\/www.pluton.com.br\/wp-content\/uploads\/2017\/05\/100_2965.jpg\" alt=\"\" width=\"1024\" height=\"768\" \/><\/p>\n<p>&nbsp;<\/p>\n<p><img loading=\"lazy\" decoding=\"async\" class=\"alignnone size-full wp-image-1776\" src=\"http:\/\/www.pluton.com.br\/wp-content\/uploads\/2017\/05\/100_2964.jpg\" alt=\"\" width=\"1024\" height=\"768\" \/><\/p>\n<p>&nbsp;<\/p>\n<p>&nbsp;<\/p>\n<p>&nbsp;<\/p>\n","protected":false},"excerpt":{"rendered":"<p>OMT Vtrans 11Ghz Fura\u00e7\u00e3o para Flange Quadrada Compatibilidade Andrew na entrada circular Fura\u00e7\u00e3o com rosca M4 na entrada para as guias de onda. &nbsp; &nbsp; &nbsp; &nbsp;<\/p>\n","protected":false},"author":1,"featured_media":0,"parent":1741,"menu_order":15,"comment_status":"closed","ping_status":"closed","template":"","meta":{"footnotes":""},"class_list":["post-159","page","type-page","status-publish","hentry"],"_links":{"self":[{"href":"http:\/\/pluton.com.br\/index.php?rest_route=\/wp\/v2\/pages\/159","targetHints":{"allow":["GET"]}}],"collection":[{"href":"http:\/\/pluton.com.br\/index.php?rest_route=\/wp\/v2\/pages"}],"about":[{"href":"http:\/\/pluton.com.br\/index.php?rest_route=\/wp\/v2\/types\/page"}],"author":[{"embeddable":true,"href":"http:\/\/pluton.com.br\/index.php?rest_route=\/wp\/v2\/users\/1"}],"replies":[{"embeddable":true,"href":"http:\/\/pluton.com.br\/index.php?rest_route=%2Fwp%2Fv2%2Fcomments&post=159"}],"version-history":[{"count":0,"href":"http:\/\/pluton.com.br\/index.php?rest_route=\/wp\/v2\/pages\/159\/revisions"}],"up":[{"embeddable":true,"href":"http:\/\/pluton.com.br\/index.php?rest_route=\/wp\/v2\/pages\/1741"}],"wp:attachment":[{"href":"http:\/\/pluton.com.br\/index.php?rest_route=%2Fwp%2Fv2%2Fmedia&parent=159"}],"curies":[{"name":"wp","href":"https:\/\/api.w.org\/{rel}","templated":true}]}}