{"id":150,"date":"2017-05-21T23:51:08","date_gmt":"2017-05-22T02:51:08","guid":{"rendered":"http:\/\/www-teste.pluton.com.br\/?page_id=150"},"modified":"2020-11-03T12:13:25","modified_gmt":"2020-11-03T12:13:25","slug":"antena-omnidirecional","status":"publish","type":"page","link":"http:\/\/pluton.com.br\/?page_id=150","title":{"rendered":"Antena Omnidirecional"},"content":{"rendered":"<p>Ainda restam algumas unidades para fabrica\u00e7\u00e3o com descontos para finaliza\u00e7\u00e3o total do estoque, produto descontinuado.\u00a0 Consulte 19-997297763.<\/p>\n","protected":false},"excerpt":{"rendered":"<p>Ainda restam algumas unidades para fabrica\u00e7\u00e3o com descontos para finaliza\u00e7\u00e3o total do estoque, produto descontinuado.\u00a0 Consulte 19-997297763.<\/p>\n","protected":false},"author":1,"featured_media":0,"parent":34,"menu_order":14,"comment_status":"closed","ping_status":"closed","template":"","meta":{"footnotes":""},"class_list":["post-150","page","type-page","status-publish","hentry"],"_links":{"self":[{"href":"http:\/\/pluton.com.br\/index.php?rest_route=\/wp\/v2\/pages\/150","targetHints":{"allow":["GET"]}}],"collection":[{"href":"http:\/\/pluton.com.br\/index.php?rest_route=\/wp\/v2\/pages"}],"about":[{"href":"http:\/\/pluton.com.br\/index.php?rest_route=\/wp\/v2\/types\/page"}],"author":[{"embeddable":true,"href":"http:\/\/pluton.com.br\/index.php?rest_route=\/wp\/v2\/users\/1"}],"replies":[{"embeddable":true,"href":"http:\/\/pluton.com.br\/index.php?rest_route=%2Fwp%2Fv2%2Fcomments&post=150"}],"version-history":[{"count":1,"href":"http:\/\/pluton.com.br\/index.php?rest_route=\/wp\/v2\/pages\/150\/revisions"}],"predecessor-version":[{"id":5153,"href":"http:\/\/pluton.com.br\/index.php?rest_route=\/wp\/v2\/pages\/150\/revisions\/5153"}],"up":[{"embeddable":true,"href":"http:\/\/pluton.com.br\/index.php?rest_route=\/wp\/v2\/pages\/34"}],"wp:attachment":[{"href":"http:\/\/pluton.com.br\/index.php?rest_route=%2Fwp%2Fv2%2Fmedia&parent=150"}],"curies":[{"name":"wp","href":"https:\/\/api.w.org\/{rel}","templated":true}]}}