{"id":1418,"date":"2017-05-23T21:28:54","date_gmt":"2017-05-24T00:28:54","guid":{"rendered":"http:\/\/www.pluton.com.br\/?page_id=1418"},"modified":"2017-05-23T21:28:54","modified_gmt":"2017-05-24T00:28:54","slug":"transicao-wg16","status":"publish","type":"page","link":"http:\/\/pluton.com.br\/?page_id=1418","title":{"rendered":"Transi\u00e7\u00e3o WG16"},"content":{"rendered":"<p>Transi\u00e7\u00e3o WG16 para 11GHz. Flange Quadrada<\/p>\n<p><img loading=\"lazy\" decoding=\"async\" class=\"alignnone size-full wp-image-1421\" src=\"http:\/\/www.pluton.com.br\/wp-content\/uploads\/2017\/05\/im2-1.jpg\" alt=\"\" width=\"2230\" height=\"1254\" \/><\/p>\n<p><img loading=\"lazy\" decoding=\"async\" class=\"alignnone size-full wp-image-1420\" src=\"http:\/\/www.pluton.com.br\/wp-content\/uploads\/2017\/05\/im1-28.jpg\" alt=\"\" width=\"2230\" height=\"1254\" \/><\/p>\n<p>&nbsp;<\/p>\n<p>&nbsp;<\/p>\n","protected":false},"excerpt":{"rendered":"<p>Transi\u00e7\u00e3o WG16 para 11GHz. Flange Quadrada &nbsp; &nbsp;<\/p>\n","protected":false},"author":1,"featured_media":0,"parent":1387,"menu_order":50,"comment_status":"closed","ping_status":"closed","template":"","meta":{"footnotes":""},"class_list":["post-1418","page","type-page","status-publish","hentry"],"_links":{"self":[{"href":"http:\/\/pluton.com.br\/index.php?rest_route=\/wp\/v2\/pages\/1418","targetHints":{"allow":["GET"]}}],"collection":[{"href":"http:\/\/pluton.com.br\/index.php?rest_route=\/wp\/v2\/pages"}],"about":[{"href":"http:\/\/pluton.com.br\/index.php?rest_route=\/wp\/v2\/types\/page"}],"author":[{"embeddable":true,"href":"http:\/\/pluton.com.br\/index.php?rest_route=\/wp\/v2\/users\/1"}],"replies":[{"embeddable":true,"href":"http:\/\/pluton.com.br\/index.php?rest_route=%2Fwp%2Fv2%2Fcomments&post=1418"}],"version-history":[{"count":0,"href":"http:\/\/pluton.com.br\/index.php?rest_route=\/wp\/v2\/pages\/1418\/revisions"}],"up":[{"embeddable":true,"href":"http:\/\/pluton.com.br\/index.php?rest_route=\/wp\/v2\/pages\/1387"}],"wp:attachment":[{"href":"http:\/\/pluton.com.br\/index.php?rest_route=%2Fwp%2Fv2%2Fmedia&parent=1418"}],"curies":[{"name":"wp","href":"https:\/\/api.w.org\/{rel}","templated":true}]}}