{"id":138,"date":"2017-05-21T23:40:56","date_gmt":"2017-05-22T02:40:56","guid":{"rendered":"http:\/\/www-teste.pluton.com.br\/?page_id=138"},"modified":"2020-11-03T13:23:05","modified_gmt":"2020-11-03T13:23:05","slug":"leitor-rfid","status":"publish","type":"page","link":"http:\/\/pluton.com.br\/?page_id=138","title":{"rendered":"Leitor RFID"},"content":{"rendered":"<h4>Leitor RFID PTX-900\/1 (915MHz)<\/h4>\n<h4>&#8211; Compat\u00edvel com todas os fabricantes de TAGS<br \/>&#8211; Compat\u00edvel com padr\u00e3o ISO18000-6C<\/h4>\n<p>Fabricamos sob medida pode ser a Antena somente, Antena integrada com leitor embutido ou somente o leitor sem as antenas.<\/p>\n<p>Possu\u00edmos leitor de 01 porta e de 04 portas.<\/p>\n<p>A sa\u00edda dos dados pode ser via RS-232 ou atrav\u00e9s de m\u00f3dulo sem fio 433MHz com alcance de at\u00e9 40 metros.<\/p>\n<p>Todos os projetos s\u00e3o protegidos por patente modelo de utilidade\u00a0 e na entrega dos produtos \u00e9 feito um contrato de exclusividade por longo prazo.<\/p>\n<p>Abaixo alguns modelos j\u00e1 desenvolvidos para clientes:<\/p>\n<h4><img loading=\"lazy\" decoding=\"async\" class=\"alignnone size-medium wp-image-4754\" src=\"http:\/\/pluton.com.br\/wp-content\/uploads\/2020\/02\/im2-27-300x237.jpg\" alt=\"\" width=\"300\" height=\"237\" srcset=\"http:\/\/pluton.com.br\/wp-content\/uploads\/2020\/02\/im2-27-300x237.jpg 300w, http:\/\/pluton.com.br\/wp-content\/uploads\/2020\/02\/im2-27-1024x809.jpg 1024w, http:\/\/pluton.com.br\/wp-content\/uploads\/2020\/02\/im2-27-768x607.jpg 768w, http:\/\/pluton.com.br\/wp-content\/uploads\/2020\/02\/im2-27.jpg 1128w\" sizes=\"auto, (max-width: 300px) 100vw, 300px\" \/> <img loading=\"lazy\" decoding=\"async\" class=\"alignnone size-medium wp-image-4755\" src=\"http:\/\/pluton.com.br\/wp-content\/uploads\/2020\/02\/im6-1-300x229.jpg\" alt=\"\" width=\"300\" height=\"229\" srcset=\"http:\/\/pluton.com.br\/wp-content\/uploads\/2020\/02\/im6-1-300x229.jpg 300w, http:\/\/pluton.com.br\/wp-content\/uploads\/2020\/02\/im6-1-1024x782.jpg 1024w, http:\/\/pluton.com.br\/wp-content\/uploads\/2020\/02\/im6-1-768x586.jpg 768w, http:\/\/pluton.com.br\/wp-content\/uploads\/2020\/02\/im6-1.jpg 1128w\" sizes=\"auto, (max-width: 300px) 100vw, 300px\" \/><\/h4>\n<p>\u00a0<\/p>\n<p><img loading=\"lazy\" decoding=\"async\" class=\"alignnone  wp-image-5050\" src=\"http:\/\/pluton.com.br\/wp-content\/uploads\/2020\/02\/lado_conector-1-291x300.png\" alt=\"\" width=\"248\" height=\"256\" srcset=\"http:\/\/pluton.com.br\/wp-content\/uploads\/2020\/02\/lado_conector-1-291x300.png 291w, http:\/\/pluton.com.br\/wp-content\/uploads\/2020\/02\/lado_conector-1.png 573w\" sizes=\"auto, (max-width: 248px) 100vw, 248px\" \/><\/p>\n<p>Antena Estanque em Inox<\/p>\n<p>\u00a0<\/p>\n<p>Aplica\u00e7\u00f5es<\/p>\n<p><img loading=\"lazy\" decoding=\"async\" class=\"alignnone size-medium wp-image-4759\" src=\"http:\/\/pluton.com.br\/wp-content\/uploads\/2020\/02\/20180920_155749-300x225.jpg\" alt=\"\" width=\"300\" height=\"225\" srcset=\"http:\/\/pluton.com.br\/wp-content\/uploads\/2020\/02\/20180920_155749-300x225.jpg 300w, http:\/\/pluton.com.br\/wp-content\/uploads\/2020\/02\/20180920_155749-768x576.jpg 768w, http:\/\/pluton.com.br\/wp-content\/uploads\/2020\/02\/20180920_155749.jpg 1024w\" sizes=\"auto, (max-width: 300px) 100vw, 300px\" \/> <img loading=\"lazy\" decoding=\"async\" class=\"alignnone size-medium wp-image-4760\" src=\"http:\/\/pluton.com.br\/wp-content\/uploads\/2020\/02\/20180920_155800-300x225.jpg\" alt=\"\" width=\"300\" height=\"225\" srcset=\"http:\/\/pluton.com.br\/wp-content\/uploads\/2020\/02\/20180920_155800-300x225.jpg 300w, http:\/\/pluton.com.br\/wp-content\/uploads\/2020\/02\/20180920_155800-768x576.jpg 768w, http:\/\/pluton.com.br\/wp-content\/uploads\/2020\/02\/20180920_155800.jpg 1024w\" sizes=\"auto, (max-width: 300px) 100vw, 300px\" \/> <img loading=\"lazy\" decoding=\"async\" class=\"alignnone size-medium wp-image-4761\" src=\"http:\/\/pluton.com.br\/wp-content\/uploads\/2020\/02\/20180926_111254-300x225.jpg\" alt=\"\" width=\"300\" height=\"225\" srcset=\"http:\/\/pluton.com.br\/wp-content\/uploads\/2020\/02\/20180926_111254-300x225.jpg 300w, http:\/\/pluton.com.br\/wp-content\/uploads\/2020\/02\/20180926_111254-768x576.jpg 768w, http:\/\/pluton.com.br\/wp-content\/uploads\/2020\/02\/20180926_111254.jpg 1024w\" sizes=\"auto, (max-width: 300px) 100vw, 300px\" \/><\/p>\n<p>Antena para uso em Lavador de Ca\u00e7ambas de Lixo<\/p>\n<p><img loading=\"lazy\" decoding=\"async\" class=\"alignnone size-medium wp-image-4762\" src=\"http:\/\/pluton.com.br\/wp-content\/uploads\/2020\/02\/TAG-300x95.jpeg\" alt=\"\" width=\"300\" height=\"95\" srcset=\"http:\/\/pluton.com.br\/wp-content\/uploads\/2020\/02\/TAG-300x95.jpeg 300w, http:\/\/pluton.com.br\/wp-content\/uploads\/2020\/02\/TAG.jpeg 759w\" sizes=\"auto, (max-width: 300px) 100vw, 300px\" \/><\/p>\n<p>\u00a0<\/p>\n\n\n<p>Teste preliminar de estanqueidade.<\/p>\n\n\n\n<figure class=\"wp-block-image size-large is-resized\"><img loading=\"lazy\" decoding=\"async\" src=\"http:\/\/pluton.com.br\/wp-content\/uploads\/2020\/02\/WhatsApp-Image-2020-02-11-at-09.00.21.jpeg\" alt=\"\" class=\"wp-image-5046\" width=\"289\" height=\"575\" srcset=\"http:\/\/pluton.com.br\/wp-content\/uploads\/2020\/02\/WhatsApp-Image-2020-02-11-at-09.00.21.jpeg 324w, http:\/\/pluton.com.br\/wp-content\/uploads\/2020\/02\/WhatsApp-Image-2020-02-11-at-09.00.21-151x300.jpeg 151w\" sizes=\"auto, (max-width: 289px) 100vw, 289px\" \/><figcaption>Teste de Imers\u00e3o a 100cm durante 2 horas &#8211; Aprovado.<\/figcaption><\/figure>\n\n\n\n<figure class=\"wp-block-image size-large is-resized\"><img loading=\"lazy\" decoding=\"async\" src=\"http:\/\/pluton.com.br\/wp-content\/uploads\/2020\/02\/WhatsApp-Image-2020-02-11-at-09.05.02-1.jpeg\" alt=\"\" class=\"wp-image-5047\" width=\"325\" height=\"365\" srcset=\"http:\/\/pluton.com.br\/wp-content\/uploads\/2020\/02\/WhatsApp-Image-2020-02-11-at-09.05.02-1.jpeg 565w, http:\/\/pluton.com.br\/wp-content\/uploads\/2020\/02\/WhatsApp-Image-2020-02-11-at-09.05.02-1-267x300.jpeg 267w\" sizes=\"auto, (max-width: 325px) 100vw, 325px\" \/><\/figure>\n\n\n\n<figure class=\"wp-block-image size-large\"><img loading=\"lazy\" decoding=\"async\" width=\"1024\" height=\"809\" src=\"http:\/\/pluton.com.br\/wp-content\/uploads\/2020\/11\/im12-1024x809.jpg\" alt=\"\" class=\"wp-image-5158\" srcset=\"http:\/\/pluton.com.br\/wp-content\/uploads\/2020\/11\/im12-1024x809.jpg 1024w, http:\/\/pluton.com.br\/wp-content\/uploads\/2020\/11\/im12-300x237.jpg 300w, http:\/\/pluton.com.br\/wp-content\/uploads\/2020\/11\/im12-768x607.jpg 768w, http:\/\/pluton.com.br\/wp-content\/uploads\/2020\/11\/im12.jpg 1128w\" sizes=\"auto, (max-width: 1024px) 100vw, 1024px\" \/><figcaption>Antena para uso Ferrovi\u00e1rio<\/figcaption><\/figure>\n\n\n\n<figure class=\"wp-block-image size-large\"><img loading=\"lazy\" decoding=\"async\" width=\"1024\" height=\"498\" src=\"http:\/\/pluton.com.br\/wp-content\/uploads\/2020\/11\/im15-1024x498.jpeg\" alt=\"\" class=\"wp-image-5159\" srcset=\"http:\/\/pluton.com.br\/wp-content\/uploads\/2020\/11\/im15-1024x498.jpeg 1024w, http:\/\/pluton.com.br\/wp-content\/uploads\/2020\/11\/im15-300x146.jpeg 300w, http:\/\/pluton.com.br\/wp-content\/uploads\/2020\/11\/im15-768x373.jpeg 768w, http:\/\/pluton.com.br\/wp-content\/uploads\/2020\/11\/im15.jpeg 1280w\" sizes=\"auto, (max-width: 1024px) 100vw, 1024px\" \/><\/figure>\n\n\n\n<figure class=\"wp-block-image size-large\"><img loading=\"lazy\" decoding=\"async\" width=\"1004\" height=\"876\" src=\"http:\/\/pluton.com.br\/wp-content\/uploads\/2020\/11\/im3.jpg\" alt=\"\" class=\"wp-image-5161\" srcset=\"http:\/\/pluton.com.br\/wp-content\/uploads\/2020\/11\/im3.jpg 1004w, http:\/\/pluton.com.br\/wp-content\/uploads\/2020\/11\/im3-300x262.jpg 300w, http:\/\/pluton.com.br\/wp-content\/uploads\/2020\/11\/im3-768x670.jpg 768w\" sizes=\"auto, (max-width: 1004px) 100vw, 1004px\" \/><\/figure>\n\n\n\n<figure class=\"wp-block-image size-large\"><img loading=\"lazy\" decoding=\"async\" width=\"720\" height=\"735\" src=\"http:\/\/pluton.com.br\/wp-content\/uploads\/2020\/11\/Foto-Caixa-Real.png\" alt=\"\" class=\"wp-image-5162\" srcset=\"http:\/\/pluton.com.br\/wp-content\/uploads\/2020\/11\/Foto-Caixa-Real.png 720w, http:\/\/pluton.com.br\/wp-content\/uploads\/2020\/11\/Foto-Caixa-Real-294x300.png 294w\" sizes=\"auto, (max-width: 720px) 100vw, 720px\" \/><figcaption>Caixa para Antena em Epoxy<\/figcaption><\/figure>\n\n\n\n<figure class=\"wp-block-image size-large\"><img loading=\"lazy\" decoding=\"async\" width=\"1024\" height=\"809\" src=\"http:\/\/pluton.com.br\/wp-content\/uploads\/2020\/11\/im1-1024x809.jpg\" alt=\"\" class=\"wp-image-5164\" srcset=\"http:\/\/pluton.com.br\/wp-content\/uploads\/2020\/11\/im1-1024x809.jpg 1024w, http:\/\/pluton.com.br\/wp-content\/uploads\/2020\/11\/im1-300x237.jpg 300w, http:\/\/pluton.com.br\/wp-content\/uploads\/2020\/11\/im1-768x607.jpg 768w, http:\/\/pluton.com.br\/wp-content\/uploads\/2020\/11\/im1.jpg 1128w\" sizes=\"auto, (max-width: 1024px) 100vw, 1024px\" \/><figcaption>Matriz para Fabrica\u00e7\u00e3o de Caixa<\/figcaption><\/figure>\n","protected":false},"excerpt":{"rendered":"<p>Leitor RFID PTX-900\/1 (915MHz) &#8211; Compat\u00edvel com todas os fabricantes de TAGS&#8211; Compat\u00edvel com padr\u00e3o ISO18000-6C Fabricamos sob medida pode ser a Antena somente, Antena integrada com leitor embutido ou somente o leitor sem as antenas. Possu\u00edmos leitor de 01 porta e de 04 portas. A sa\u00edda dos dados pode ser via RS-232 ou atrav\u00e9s [&hellip;]<\/p>\n","protected":false},"author":1,"featured_media":0,"parent":122,"menu_order":10,"comment_status":"closed","ping_status":"closed","template":"","meta":{"footnotes":""},"class_list":["post-138","page","type-page","status-publish","hentry"],"_links":{"self":[{"href":"http:\/\/pluton.com.br\/index.php?rest_route=\/wp\/v2\/pages\/138","targetHints":{"allow":["GET"]}}],"collection":[{"href":"http:\/\/pluton.com.br\/index.php?rest_route=\/wp\/v2\/pages"}],"about":[{"href":"http:\/\/pluton.com.br\/index.php?rest_route=\/wp\/v2\/types\/page"}],"author":[{"embeddable":true,"href":"http:\/\/pluton.com.br\/index.php?rest_route=\/wp\/v2\/users\/1"}],"replies":[{"embeddable":true,"href":"http:\/\/pluton.com.br\/index.php?rest_route=%2Fwp%2Fv2%2Fcomments&post=138"}],"version-history":[{"count":11,"href":"http:\/\/pluton.com.br\/index.php?rest_route=\/wp\/v2\/pages\/138\/revisions"}],"predecessor-version":[{"id":5168,"href":"http:\/\/pluton.com.br\/index.php?rest_route=\/wp\/v2\/pages\/138\/revisions\/5168"}],"up":[{"embeddable":true,"href":"http:\/\/pluton.com.br\/index.php?rest_route=\/wp\/v2\/pages\/122"}],"wp:attachment":[{"href":"http:\/\/pluton.com.br\/index.php?rest_route=%2Fwp%2Fv2%2Fmedia&parent=138"}],"curies":[{"name":"wp","href":"https:\/\/api.w.org\/{rel}","templated":true}]}}