{"id":114,"date":"2017-05-21T23:29:06","date_gmt":"2017-05-22T02:29:06","guid":{"rendered":"http:\/\/www-teste.pluton.com.br\/?page_id=114"},"modified":"2017-05-21T23:29:06","modified_gmt":"2017-05-22T02:29:06","slug":"antenas-6-5ghz","status":"publish","type":"page","link":"http:\/\/pluton.com.br\/?page_id=114","title":{"rendered":"6.5GHz"},"content":{"rendered":"<p>Em 6.5Ghz a Guia mais utilizada \u00e9 a WR137\/WG14\u00a0 recomendada de 5.85 at\u00e9 8.2GHz embora em muitos casos alguns fabricantes utilizam a Guia WR112\/WG15 UBR84 para que o mesmo equipamento possa operar em 6.5 e 8.5Ghz . No caso \u00e9 necess\u00e1rio a utiliza\u00e7\u00e3o de uma flange que fa\u00e7a a convers\u00e3o de uma guia para a outra.<\/p>\n<p>&nbsp;<\/p>\n<table id=\"collapsibleTable0\" class=\"wikitable collapsible\">\n<tbody>\n<tr>\n<td>WR137<\/td>\n<td>WG14<\/td>\n<td>R70<\/td>\n<td><a title=\"C band (IEEE)\" href=\"https:\/\/en.wikipedia.org\/wiki\/C_band_%28IEEE%29\">C band<\/a> (part)<\/td>\n<td>5.85 \u2014 8.20GHz<\/td>\n<td>4.301GHz<\/td>\n<td>8.603GHz<\/td>\n<td>1.372 \u00d7 0.622\u00a0<sup>\u2020<\/sup><\/td>\n<td>34.90\u00a0\u00d7\u00a015.8mm<\/td>\n<\/tr>\n<tr>\n<td>WR112<\/td>\n<td>WG15<\/td>\n<td>R84<\/td>\n<td>\u2014<\/td>\n<td>7.05 \u2014 10.00GHz<\/td>\n<td>5.260<\/td>\n<td>10.520<\/td>\n<td>1.122 \u00d7 0.497\u00a0<sup>\u2020<\/sup><\/td>\n<td>28.50\u00a0\u00d7\u00a012.6mm<\/td>\n<\/tr>\n<\/tbody>\n<\/table>\n","protected":false},"excerpt":{"rendered":"<p>Em 6.5Ghz a Guia mais utilizada \u00e9 a WR137\/WG14\u00a0 recomendada de 5.85 at\u00e9 8.2GHz embora em muitos casos alguns fabricantes utilizam a Guia WR112\/WG15 UBR84 para que o mesmo equipamento possa operar em 6.5 e 8.5Ghz . No caso \u00e9 necess\u00e1rio a utiliza\u00e7\u00e3o de uma flange que fa\u00e7a a convers\u00e3o de uma guia para a [&hellip;]<\/p>\n","protected":false},"author":1,"featured_media":0,"parent":8,"menu_order":4400,"comment_status":"closed","ping_status":"closed","template":"","meta":{"footnotes":""},"class_list":["post-114","page","type-page","status-publish","hentry"],"_links":{"self":[{"href":"http:\/\/pluton.com.br\/index.php?rest_route=\/wp\/v2\/pages\/114","targetHints":{"allow":["GET"]}}],"collection":[{"href":"http:\/\/pluton.com.br\/index.php?rest_route=\/wp\/v2\/pages"}],"about":[{"href":"http:\/\/pluton.com.br\/index.php?rest_route=\/wp\/v2\/types\/page"}],"author":[{"embeddable":true,"href":"http:\/\/pluton.com.br\/index.php?rest_route=\/wp\/v2\/users\/1"}],"replies":[{"embeddable":true,"href":"http:\/\/pluton.com.br\/index.php?rest_route=%2Fwp%2Fv2%2Fcomments&post=114"}],"version-history":[{"count":0,"href":"http:\/\/pluton.com.br\/index.php?rest_route=\/wp\/v2\/pages\/114\/revisions"}],"up":[{"embeddable":true,"href":"http:\/\/pluton.com.br\/index.php?rest_route=\/wp\/v2\/pages\/8"}],"wp:attachment":[{"href":"http:\/\/pluton.com.br\/index.php?rest_route=%2Fwp%2Fv2%2Fmedia&parent=114"}],"curies":[{"name":"wp","href":"https:\/\/api.w.org\/{rel}","templated":true}]}}