{"id":10,"date":"2017-05-21T16:57:11","date_gmt":"2017-05-21T19:57:11","guid":{"rendered":"http:\/\/www-teste.pluton.com.br\/?page_id=10"},"modified":"2022-04-18T20:05:29","modified_gmt":"2022-04-18T20:05:29","slug":"setoriais","status":"publish","type":"page","link":"http:\/\/pluton.com.br\/?page_id=10","title":{"rendered":"Manuais"},"content":{"rendered":"<p>Nesta se\u00e7\u00e3o voc\u00ea pode encontrar todos os manuais que precisar.<\/p>\n<p>Caso n\u00e3o encontre a informa\u00e7\u00e3o que esteja procurando por favor entrar em contato atrav\u00e9s do nosso e-mail sac@pluton.com.br<\/p>\n","protected":false},"excerpt":{"rendered":"<p>Nesta se\u00e7\u00e3o voc\u00ea pode encontrar todos os manuais que precisar. Caso n\u00e3o encontre a informa\u00e7\u00e3o que esteja procurando por favor entrar em contato atrav\u00e9s do nosso e-mail sac@pluton.com.br<\/p>\n","protected":false},"author":1,"featured_media":0,"parent":0,"menu_order":5,"comment_status":"closed","ping_status":"closed","template":"","meta":{"footnotes":""},"class_list":["post-10","page","type-page","status-publish","hentry"],"_links":{"self":[{"href":"http:\/\/pluton.com.br\/index.php?rest_route=\/wp\/v2\/pages\/10","targetHints":{"allow":["GET"]}}],"collection":[{"href":"http:\/\/pluton.com.br\/index.php?rest_route=\/wp\/v2\/pages"}],"about":[{"href":"http:\/\/pluton.com.br\/index.php?rest_route=\/wp\/v2\/types\/page"}],"author":[{"embeddable":true,"href":"http:\/\/pluton.com.br\/index.php?rest_route=\/wp\/v2\/users\/1"}],"replies":[{"embeddable":true,"href":"http:\/\/pluton.com.br\/index.php?rest_route=%2Fwp%2Fv2%2Fcomments&post=10"}],"version-history":[{"count":4,"href":"http:\/\/pluton.com.br\/index.php?rest_route=\/wp\/v2\/pages\/10\/revisions"}],"predecessor-version":[{"id":5232,"href":"http:\/\/pluton.com.br\/index.php?rest_route=\/wp\/v2\/pages\/10\/revisions\/5232"}],"wp:attachment":[{"href":"http:\/\/pluton.com.br\/index.php?rest_route=%2Fwp%2Fv2%2Fmedia&parent=10"}],"curies":[{"name":"wp","href":"https:\/\/api.w.org\/{rel}","templated":true}]}}